{"id":1293,"date":"2025-10-07T18:13:36","date_gmt":"2025-10-07T16:13:36","guid":{"rendered":"https:\/\/acquaprocess.eu\/?page_id=1293"},"modified":"2025-10-14T09:39:47","modified_gmt":"2025-10-14T07:39:47","slug":"our-history","status":"publish","type":"page","link":"https:\/\/acquaprocess.eu\/en\/notre-histoire\/","title":{"rendered":"Our history"},"content":{"rendered":"<div class=\"wpb-content-wrapper\"><div class=\"vc_row wpb_row top-row vc_custom_1752061277027 porto-inner-container wpb_custom_034b39d9bc6c6b310d69e39f0ccf274f\"><div class=\"porto-wrap-container container\"><div class=\"row\"><div class=\"vc_column_container col-md-12\"><div class=\"wpb_wrapper vc_column-inner\"><div class=\"vc_empty_space\"   style=\"height: 32px\"><span class=\"vc_empty_space_inner\"><\/span><\/div><h1 style=\"font-size: 40px;color: #00396b;line-height: 1.2;font-weight:700;letter-spacing:-0.05em\" data-appear-animation=\"fadeInLeft\" data-appear-animation-delay=\"100\" class=\"vc_custom_heading vc_do_custom_heading vc_custom_1759851172587 wpb_custom_aa365bd5046e8294520b4e73732b9d15 align-left\" >The history of ACQUAPROCESS\u00ae<\/h1><p style=\"font-size: 20px;line-height: 1.2\" class=\"vc_custom_heading vc_do_custom_heading wpb_custom_aa365bd5046e8294520b4e73732b9d15 align-left heading-tertiary\" >From ingenuity to innovation: ten years of expertise in water treatment<\/p><\/div><\/div><\/div><\/div><\/div><div class=\"vc_row wpb_row top-row vc_custom_1752759004246 porto-inner-container wpb_custom_034b39d9bc6c6b310d69e39f0ccf274f\"><div class=\"porto-wrap-container container\"><div class=\"row\"><div class=\"vc_column_container col-md-8\"><div class=\"wpb_wrapper vc_column-inner\">\r\n\t<div class=\"wpb_text_column wpb_content_element wpb_custom_7c91d232724f73626cc933bd95b25ff0\" >\r\n\t\t<div class=\"wpb_wrapper\">\r\n\t\t\t<p>It all began in 2013, when Pietro Cappello, an engineer and director of a company specialising in air treatment, was approached by an industrial client. The latter was forced to shut down its industrial process once or twice a year because its cooling towers regularly became clogged with limescale.<\/p>\n<p>Curious and passionate about technology, Pietro Cappello conducted his own research. He then discovered an old American patent consisting of <strong>remove limescale using ULF<\/strong> (Ultra Low Frequency). Convinced of the potential of this process, he decided to adapt and experiment with it.<\/p>\n<p>The first test is carried out in a <a href=\"https:\/\/acquaprocess.eu\/secteurs\/etablissements-de-sante\/\">renowned healthcare facility<\/a> near Nice. He quickly notices that the limescale is being effectively removed... sometimes even too quickly: the deposits are coming off en masse, causing disruption to the facilities and users (clogged heat exchangers, pumps, aerators, shower heads, etc.).<\/p>\n<p>Thanks to numerous adjustments and extensive research, the technology has been perfected. A patent has now been filed for a frequency application that guarantees <a href=\"https:\/\/acquaprocess.eu\/blog\/traitement-anticalcaire-avec-acquaprocess\/\">scale treatment<\/a> without any negative consequences for installations or users.<\/p>\n<p>The next step was to find a name for this solution. Given that the initial problem arose from an industrial process and that the developments were carried out in a hospital environment, the name was obvious: ACQUAPROCESS\u00ae! Acqua (Italian for water) stands for health and purity (no chemicals), while Process stands for reliability and the ability of the systems to work in all sectors, including <a href=\"https:\/\/acquaprocess.eu\/secteurs\/industrie\/\">industrial.<\/a>.<\/p>\n\r\n\t\t<\/div>\r\n\t<\/div>\r\n<\/div><\/div><div class=\"vc_column_container col-md-4\"><div class=\"wpb_wrapper vc_column-inner\">\r\n\t<div class=\"wpb_single_image wpb_content_element vc_align_center wpb_content_element  wpb_custom_81a4f7ef9830bf958462581aa01150fb\"><div class=\"wpb_wrapper\">\r\n\t\t\t\r\n\t\t\t<a href=\"https:\/\/acquaprocess.eu\/contact\/\" target=\"_self\" aria-label=\"Zoom the image\"><div class=\"vc_single_image-wrapper vc_box_circle  vc_box_border_grey\"><img decoding=\"async\" width=\"600\" height=\"774\" src=\"https:\/\/acquaprocess.eu\/wp-content\/uploads\/2025\/10\/acquaprocess-history.jpg\" class=\"vc_single_image-img attachment-full\" alt=\"ACQUAPROCESS Notre histoire\" title=\"acquaprocess-history\" srcset=\"https:\/\/acquaprocess.eu\/wp-content\/uploads\/2025\/10\/acquaprocess-history.jpg 600w, https:\/\/acquaprocess.eu\/wp-content\/uploads\/2025\/10\/acquaprocess-history-400x516.jpg 400w, https:\/\/acquaprocess.eu\/wp-content\/uploads\/2025\/10\/acquaprocess-history-367x473.jpg 367w\" sizes=\"(max-width: 600px) 100vw, 600px\" \/><\/div><\/a>\r\n\t\t<\/div>\r\n\t<\/div>\r\n<\/div><\/div><\/div><\/div><\/div><div class=\"vc_row wpb_row top-row porto-inner-container wpb_custom_034b39d9bc6c6b310d69e39f0ccf274f\"><div class=\"porto-wrap-container container\"><div class=\"row\"><div class=\"vc_column_container col-md-12\"><div class=\"wpb_wrapper vc_column-inner\"><h2 style=\"font-size: 30px;color: #00396b;line-height: 1.2;font-weight:700;letter-spacing:-0.05em\" data-appear-animation=\"fadeInLeft\" data-appear-animation-delay=\"100\" class=\"vc_custom_heading vc_do_custom_heading vc_custom_1759851625184 wpb_custom_aa365bd5046e8294520b4e73732b9d15 align-left\" >A new generation (2023)<\/h2>\r\n\t<div class=\"wpb_text_column wpb_content_element wpb_custom_7c91d232724f73626cc933bd95b25ff0\" >\r\n\t\t<div class=\"wpb_wrapper\">\r\n\t\t\t<p>In 2023, Fabien Cappello (son of the founder) joined the ACQUAPROCESS\u00ae project. With 20 years of experience as a purchasing director in large corporations, he brings a strategic vision focused on innovation, digitalisation and the development of new markets.<\/p>\n<p>ACQUAPROCESS\u00ae has been around for over 10 years and intends to remain in business for the long term with the arrival of this new generation.<\/p>\n\r\n\t\t<\/div>\r\n\t<\/div>\r\n<\/div><\/div><\/div><\/div><\/div><div class=\"vc_row wpb_row top-row porto-inner-container wpb_custom_034b39d9bc6c6b310d69e39f0ccf274f\"><div class=\"porto-wrap-container container\"><div class=\"row\"><div class=\"vc_column_container col-md-12\"><div class=\"wpb_wrapper vc_column-inner\"><h2 style=\"font-size: 30px;color: #00396b;line-height: 1.2;font-weight:700;letter-spacing:-0.05em\" data-appear-animation=\"fadeInLeft\" data-appear-animation-delay=\"100\" class=\"vc_custom_heading vc_do_custom_heading vc_custom_1759851763642 wpb_custom_aa365bd5046e8294520b4e73732b9d15 align-left\" >ACQUAPROCESS\u00ae today<\/h2>\r\n\t<div class=\"wpb_text_column wpb_content_element wpb_custom_7c91d232724f73626cc933bd95b25ff0\" >\r\n\t\t<div class=\"wpb_wrapper\">\r\n\t\t\t<p>Based in Nice, the company already has more than 600 installations in France and Italy. All ACQUAPROCESS\u00ae solutions are developed and manufactured in France (in the South region), guaranteeing quality, reliability and traceability. This development demonstrates the confidence placed in the company by professionals from all walks of life and the proven effectiveness of the technology developed by ACQUAPROCESS\u00ae.<\/p>\n\r\n\t\t<\/div>\r\n\t<\/div>\r\n<\/div><\/div><\/div><\/div><\/div><div class=\"vc_row wpb_row top-row vc_custom_1752746298772 vc_row-has-fill porto-inner-container wpb_custom_034b39d9bc6c6b310d69e39f0ccf274f\"><div class=\"porto-wrap-container container\"><div class=\"row\"><div class=\"vc_column_container col-md-12\"><div class=\"wpb_wrapper vc_column-inner\"><p style=\"font-size: 40px;color: var(--porto-light-color);line-height: 1;text-align: center;font-weight:700;letter-spacing:-2px\" data-appear-animation=\"fadeIn\" data-appear-animation-delay=\"400\" class=\"vc_custom_heading vc_do_custom_heading wpb_custom_aa365bd5046e8294520b4e73732b9d15 heading-light\" >ACQUAPROCESS\u00ae: the story of an idea that became a solution<br \/>\nfor purer water and a sustainable future<\/p><\/div><\/div><\/div><\/div><\/div><div class=\"vc_row wpb_row top-row porto-inner-container wpb_custom_034b39d9bc6c6b310d69e39f0ccf274f\"><div class=\"porto-wrap-container container\"><div class=\"row\"><div class=\"vc_column_container col-md-12\"><div class=\"wpb_wrapper vc_column-inner\"><h2 style=\"font-size: 30px;color: #00396b;line-height: 1.2;font-weight:700;letter-spacing:-0.05em\" data-appear-animation=\"fadeInLeft\" data-appear-animation-delay=\"100\" class=\"vc_custom_heading vc_do_custom_heading wpb_custom_aa365bd5046e8294520b4e73732b9d15 align-left\" >Our conviction<\/h2>\r\n\t<div class=\"wpb_text_column wpb_content_element wpb_custom_7c91d232724f73626cc933bd95b25ff0\" >\r\n\t\t<div class=\"wpb_wrapper\">\r\n\t\t\t<p>From the beginning, one idea has guided us:<\/p>\n\r\n\t\t<\/div>\r\n\t<\/div>\r\n<div class=\"vc_row wpb_row vc_inner row\"><div class=\"vc_column_container col-md-2\"><div class=\"wpb_wrapper vc_column-inner\"><\/div><\/div><div class=\"vc_column_container col-md-8\"><div class=\"wpb_wrapper vc_column-inner\"><p style=\"font-size: 20px;line-height: 1.2;text-align: center\" class=\"vc_custom_heading vc_do_custom_heading wpb_custom_aa365bd5046e8294520b4e73732b9d15 heading-tertiary\" >It is possible to treat water differently, without chemicals, to protect facilities, preserve health and build a sustainable future.<\/p><\/div><\/div><div class=\"vc_column_container col-md-2\"><div class=\"wpb_wrapper vc_column-inner\"><\/div><\/div><\/div>\r\n\t<div class=\"wpb_text_column wpb_content_element vc_custom_1759852437657 wpb_custom_7c91d232724f73626cc933bd95b25ff0\" >\r\n\t\t<div class=\"wpb_wrapper\">\r\n\t\t\t<p>Today, we are on the fourth version of ACQUAPROCESS\u00ae systems, which are increasingly efficient, and we have developed the <a href=\"https:\/\/monitoring.acquaprocess.eu\/\" target=\"_blank\" rel=\"noopener\">Acquamonitoring<\/a> connected platform to enable our customers to monitor their water parameters (temperature, conductivity, etc.) in real time.<\/p>\n\r\n\t\t<\/div>\r\n\t<\/div>\r\n<\/div><\/div><\/div><\/div><\/div>\n<\/div>","protected":false},"excerpt":{"rendered":"L\u2019histoire d\u2019ACQUAPROCESS\u00aeDe l\u2019ing\u00e9niosit\u00e9 \u00e0 l\u2019innovation : dix ans d\u2019expertise dans le traitement de l\u2019eau Tout commence en 2013, lorsque Pietro Cappello, ing\u00e9nieur et dirigeant d\u2019une soci\u00e9t\u00e9 sp\u00e9cialis\u00e9e dans le traitement de l\u2019air, est sollicit\u00e9 par un client industriel. Ce dernier est contraint d\u2019arr\u00eater une \u00e0 deux fois par an son process industriel \u00e0 cause de [...]","protected":false},"author":2,"featured_media":804,"parent":0,"menu_order":0,"comment_status":"closed","ping_status":"closed","template":"","meta":{"footnotes":""},"class_list":["post-1293","page","type-page","status-publish","has-post-thumbnail","hentry"],"yoast_head":"<!-- This site is optimized with the Yoast SEO plugin v27.2 - https:\/\/yoast.com\/product\/yoast-seo-wordpress\/ -->\n<title>L\u2019histoire d\u2019ACQUAPROCESS\u00ae, pionnier du traitement de l\u2019eau<\/title>\n<meta name=\"description\" content=\"ACQUAPROCESS\u00ae allie innovation, durabilit\u00e9 et passion pour offrir une solution de traitement de l\u2019eau respectueuse de la sant\u00e9.\" \/>\n<meta name=\"robots\" content=\"index, follow, max-snippet:-1, max-image-preview:large, max-video-preview:-1\" \/>\n<link rel=\"canonical\" href=\"https:\/\/acquaprocess.eu\/en\/our-history\/\" \/>\n<meta property=\"og:locale\" content=\"en_GB\" \/>\n<meta property=\"og:type\" content=\"article\" \/>\n<meta property=\"og:title\" content=\"L\u2019histoire d\u2019ACQUAPROCESS\u00ae, pionnier du traitement de l\u2019eau\" \/>\n<meta property=\"og:description\" content=\"ACQUAPROCESS\u00ae allie innovation, durabilit\u00e9 et passion pour offrir une solution de traitement de l\u2019eau respectueuse de la sant\u00e9.\" \/>\n<meta property=\"og:url\" content=\"https:\/\/acquaprocess.eu\/en\/our-history\/\" \/>\n<meta property=\"og:site_name\" content=\"Acquaprocess\" \/>\n<meta property=\"article:modified_time\" content=\"2025-10-14T07:39:47+00:00\" \/>\n<meta property=\"og:image\" content=\"https:\/\/acquaprocess.eu\/wp-content\/uploads\/2025\/07\/systeme-anticalcaire-acquaprocess.jpg\" \/>\n\t<meta property=\"og:image:width\" content=\"700\" \/>\n\t<meta property=\"og:image:height\" content=\"500\" \/>\n\t<meta property=\"og:image:type\" content=\"image\/jpeg\" \/>\n<meta name=\"twitter:card\" content=\"summary_large_image\" \/>\n<meta name=\"twitter:label1\" content=\"Estimated reading time\" \/>\n\t<meta name=\"twitter:data1\" content=\"4 minutes\" \/>\n<script type=\"application\/ld+json\" class=\"yoast-schema-graph\">{\"@context\":\"https:\/\/schema.org\",\"@graph\":[{\"@type\":\"WebPage\",\"@id\":\"https:\/\/acquaprocess.eu\/notre-histoire\/\",\"url\":\"https:\/\/acquaprocess.eu\/notre-histoire\/\",\"name\":\"L\u2019histoire d\u2019ACQUAPROCESS\u00ae, pionnier du traitement de l\u2019eau\",\"isPartOf\":{\"@id\":\"https:\/\/acquaprocess.eu\/#website\"},\"primaryImageOfPage\":{\"@id\":\"https:\/\/acquaprocess.eu\/notre-histoire\/#primaryimage\"},\"image\":{\"@id\":\"https:\/\/acquaprocess.eu\/notre-histoire\/#primaryimage\"},\"thumbnailUrl\":\"https:\/\/acquaprocess.eu\/wp-content\/uploads\/2025\/07\/systeme-anticalcaire-acquaprocess.jpg\",\"datePublished\":\"2025-10-07T16:13:36+00:00\",\"dateModified\":\"2025-10-14T07:39:47+00:00\",\"description\":\"ACQUAPROCESS\u00ae allie innovation, durabilit\u00e9 et passion pour offrir une solution de traitement de l\u2019eau respectueuse de la sant\u00e9.\",\"breadcrumb\":{\"@id\":\"https:\/\/acquaprocess.eu\/notre-histoire\/#breadcrumb\"},\"inLanguage\":\"en-GB\",\"potentialAction\":[{\"@type\":\"ReadAction\",\"target\":[\"https:\/\/acquaprocess.eu\/notre-histoire\/\"]}]},{\"@type\":\"ImageObject\",\"inLanguage\":\"en-GB\",\"@id\":\"https:\/\/acquaprocess.eu\/notre-histoire\/#primaryimage\",\"url\":\"https:\/\/acquaprocess.eu\/wp-content\/uploads\/2025\/07\/systeme-anticalcaire-acquaprocess.jpg\",\"contentUrl\":\"https:\/\/acquaprocess.eu\/wp-content\/uploads\/2025\/07\/systeme-anticalcaire-acquaprocess.jpg\",\"width\":700,\"height\":500,\"caption\":\"Syst\u00e8me anti-calcaire ACQUAPROCESS\"},{\"@type\":\"BreadcrumbList\",\"@id\":\"https:\/\/acquaprocess.eu\/notre-histoire\/#breadcrumb\",\"itemListElement\":[{\"@type\":\"ListItem\",\"position\":1,\"name\":\"Accueil\",\"item\":\"https:\/\/acquaprocess.eu\/\"},{\"@type\":\"ListItem\",\"position\":2,\"name\":\"Notre histoire\"}]},{\"@type\":\"WebSite\",\"@id\":\"https:\/\/acquaprocess.eu\/#website\",\"url\":\"https:\/\/acquaprocess.eu\/\",\"name\":\"Acquaprocess\",\"description\":\"Syst\u00e8me anti-calcaire et traitement de l&#039;eau\",\"potentialAction\":[{\"@type\":\"SearchAction\",\"target\":{\"@type\":\"EntryPoint\",\"urlTemplate\":\"https:\/\/acquaprocess.eu\/?s={search_term_string}\"},\"query-input\":{\"@type\":\"PropertyValueSpecification\",\"valueRequired\":true,\"valueName\":\"search_term_string\"}}],\"inLanguage\":\"en-GB\"}]}<\/script>\n<!-- \/ Yoast SEO plugin. -->","yoast_head_json":{"title":"The story of ACQUAPROCESS\u00ae, a pioneer in water treatment","description":"ACQUAPROCESS\u00ae combines innovation, sustainability and passion to offer a water treatment solution that respects health.","robots":{"index":"index","follow":"follow","max-snippet":"max-snippet:-1","max-image-preview":"max-image-preview:large","max-video-preview":"max-video-preview:-1"},"canonical":"https:\/\/acquaprocess.eu\/en\/our-history\/","og_locale":"en_GB","og_type":"article","og_title":"L\u2019histoire d\u2019ACQUAPROCESS\u00ae, pionnier du traitement de l\u2019eau","og_description":"ACQUAPROCESS\u00ae allie innovation, durabilit\u00e9 et passion pour offrir une solution de traitement de l\u2019eau respectueuse de la sant\u00e9.","og_url":"https:\/\/acquaprocess.eu\/en\/our-history\/","og_site_name":"Acquaprocess","article_modified_time":"2025-10-14T07:39:47+00:00","og_image":[{"width":700,"height":500,"url":"https:\/\/acquaprocess.eu\/wp-content\/uploads\/2025\/07\/systeme-anticalcaire-acquaprocess.jpg","type":"image\/jpeg"}],"twitter_card":"summary_large_image","twitter_misc":{"Estimated reading time":"4 minutes"},"schema":{"@context":"https:\/\/schema.org","@graph":[{"@type":"WebPage","@id":"https:\/\/acquaprocess.eu\/notre-histoire\/","url":"https:\/\/acquaprocess.eu\/notre-histoire\/","name":"The story of ACQUAPROCESS\u00ae, a pioneer in water treatment","isPartOf":{"@id":"https:\/\/acquaprocess.eu\/#website"},"primaryImageOfPage":{"@id":"https:\/\/acquaprocess.eu\/notre-histoire\/#primaryimage"},"image":{"@id":"https:\/\/acquaprocess.eu\/notre-histoire\/#primaryimage"},"thumbnailUrl":"https:\/\/acquaprocess.eu\/wp-content\/uploads\/2025\/07\/systeme-anticalcaire-acquaprocess.jpg","datePublished":"2025-10-07T16:13:36+00:00","dateModified":"2025-10-14T07:39:47+00:00","description":"ACQUAPROCESS\u00ae combines innovation, sustainability and passion to offer a water treatment solution that respects health.","breadcrumb":{"@id":"https:\/\/acquaprocess.eu\/notre-histoire\/#breadcrumb"},"inLanguage":"en-GB","potentialAction":[{"@type":"ReadAction","target":["https:\/\/acquaprocess.eu\/notre-histoire\/"]}]},{"@type":"ImageObject","inLanguage":"en-GB","@id":"https:\/\/acquaprocess.eu\/notre-histoire\/#primaryimage","url":"https:\/\/acquaprocess.eu\/wp-content\/uploads\/2025\/07\/systeme-anticalcaire-acquaprocess.jpg","contentUrl":"https:\/\/acquaprocess.eu\/wp-content\/uploads\/2025\/07\/systeme-anticalcaire-acquaprocess.jpg","width":700,"height":500,"caption":"Syst\u00e8me anti-calcaire ACQUAPROCESS"},{"@type":"BreadcrumbList","@id":"https:\/\/acquaprocess.eu\/notre-histoire\/#breadcrumb","itemListElement":[{"@type":"ListItem","position":1,"name":"Accueil","item":"https:\/\/acquaprocess.eu\/"},{"@type":"ListItem","position":2,"name":"Notre histoire"}]},{"@type":"WebSite","@id":"https:\/\/acquaprocess.eu\/#website","url":"https:\/\/acquaprocess.eu\/","name":"Acquaprocess","description":"Anti-scale system and water treatment","potentialAction":[{"@type":"SearchAction","target":{"@type":"EntryPoint","urlTemplate":"https:\/\/acquaprocess.eu\/?s={search_term_string}"},"query-input":{"@type":"PropertyValueSpecification","valueRequired":true,"valueName":"search_term_string"}}],"inLanguage":"en-GB"}]}},"_links":{"self":[{"href":"https:\/\/acquaprocess.eu\/en\/wp-json\/wp\/v2\/pages\/1293","targetHints":{"allow":["GET"]}}],"collection":[{"href":"https:\/\/acquaprocess.eu\/en\/wp-json\/wp\/v2\/pages"}],"about":[{"href":"https:\/\/acquaprocess.eu\/en\/wp-json\/wp\/v2\/types\/page"}],"author":[{"embeddable":true,"href":"https:\/\/acquaprocess.eu\/en\/wp-json\/wp\/v2\/users\/2"}],"replies":[{"embeddable":true,"href":"https:\/\/acquaprocess.eu\/en\/wp-json\/wp\/v2\/comments?post=1293"}],"version-history":[{"count":17,"href":"https:\/\/acquaprocess.eu\/en\/wp-json\/wp\/v2\/pages\/1293\/revisions"}],"predecessor-version":[{"id":1325,"href":"https:\/\/acquaprocess.eu\/en\/wp-json\/wp\/v2\/pages\/1293\/revisions\/1325"}],"wp:featuredmedia":[{"embeddable":true,"href":"https:\/\/acquaprocess.eu\/en\/wp-json\/wp\/v2\/media\/804"}],"wp:attachment":[{"href":"https:\/\/acquaprocess.eu\/en\/wp-json\/wp\/v2\/media?parent=1293"}],"curies":[{"name":"wp","href":"https:\/\/api.w.org\/{rel}","templated":true}]}}