{"id":8,"date":"2020-06-29T08:08:03","date_gmt":"2020-06-29T08:08:03","guid":{"rendered":"http:\/\/sw-themes.com\/porto_dummy\/?page_id=8"},"modified":"2025-10-07T17:28:49","modified_gmt":"2025-10-07T15:28:49","slug":"functioning","status":"publish","type":"page","link":"https:\/\/acquaprocess.eu\/en\/fonctionnement\/","title":{"rendered":"Our solutions"},"content":{"rendered":"<div class=\"wpb-content-wrapper\"><div class=\"vc_row wpb_row top-row vc_custom_1752061277027 porto-inner-container wpb_custom_034b39d9bc6c6b310d69e39f0ccf274f\"><div class=\"porto-wrap-container container\"><div class=\"row\"><div class=\"vc_column_container col-md-12\"><div class=\"wpb_wrapper vc_column-inner\"><div class=\"vc_empty_space\"   style=\"height: 32px\"><span class=\"vc_empty_space_inner\"><\/span><\/div><h1 style=\"font-size: 40px;color: #00396b;line-height: 1.2;font-weight:700;letter-spacing:-0.05em\" data-appear-animation=\"fadeInLeft\" data-appear-animation-delay=\"100\" class=\"vc_custom_heading vc_do_custom_heading vc_custom_1753714959423 wpb_custom_aa365bd5046e8294520b4e73732b9d15 align-left\" >Innovative and connected technology<\/h1><p style=\"font-size: 20px;line-height: 1.2\" class=\"vc_custom_heading vc_do_custom_heading wpb_custom_aa365bd5046e8294520b4e73732b9d15 align-left heading-tertiary\" >The ACQUAPROCESS\u00ae anti-limescale process uses a low-frequency induction system that modifies the limescale properties of water.<\/p><\/div><\/div><\/div><\/div><\/div><div class=\"vc_row wpb_row top-row vc_custom_1752759004246 porto-inner-container wpb_custom_034b39d9bc6c6b310d69e39f0ccf274f\"><div class=\"porto-wrap-container container\"><div class=\"row\"><div class=\"vc_column_container col-md-8\"><div class=\"wpb_wrapper vc_column-inner\">\r\n\t<div class=\"wpb_text_column wpb_content_element wpb_custom_7c91d232724f73626cc933bd95b25ff0\" >\r\n\t\t<div class=\"wpb_wrapper\">\r\n\t\t\t<p>The ACQUAPROCESS\u00ae system consists of a generator that sends signals of varying frequency and power directly to the <strong>pipe to be treated<\/strong> via two wound inductors, thereby creating a low-frequency electric field.<\/p>\n<p>The spectrum generated by these indicators acts on the physical and chemical properties of the water molecule, which is thus modified without interfering with its initial characteristics. Solubility is increased. <strong>Incrusting calcite<\/strong> is suspended in the water in the form of powdery, non-incrusting aragonite, which no longer sticks to the internal walls of the hydraulic circuit but remains in suspension. <strong>Pipes and heating elements are protected!<\/strong><\/p>\n\r\n\t\t<\/div>\r\n\t<\/div>\r\n<h2 style=\"font-size: 30px;color: #00396b;line-height: 1.2;font-weight:700;letter-spacing:-0.05em\" data-appear-animation=\"fadeInLeft\" data-appear-animation-delay=\"100\" class=\"vc_custom_heading vc_do_custom_heading vc_custom_1753202143796 wpb_custom_aa365bd5046e8294520b4e73732b9d15 align-left\" >An innovation in water treatment<\/h2>\r\n\t<div class=\"wpb_text_column wpb_content_element wpb_custom_7c91d232724f73626cc933bd95b25ff0\" >\r\n\t\t<div class=\"wpb_wrapper\">\r\n\t\t\t<p>The innovation lies in this process which, unlike its competitors, adapts to all hydraulic network configurations and water quality conditions, making ACQUAPROCESS\u00ae a highly reliable solution.<\/p>\n<p>In fact, <strong>water treatment<\/strong> is very complex, as it is necessary to take into account its TH, pH, flow rate, network configuration and temperature, which varies from one site to another. This is why most devices on the market are criticised for not being completely reliable.<\/p>\n\r\n\t\t<\/div>\r\n\t<\/div>\r\n<\/div><\/div><div class=\"vc_column_container col-md-4\"><div class=\"wpb_wrapper vc_column-inner\">\r\n\t<div class=\"wpb_single_image wpb_content_element vc_align_center wpb_content_element  wpb_custom_81a4f7ef9830bf958462581aa01150fb\"><div class=\"wpb_wrapper\">\r\n\t\t\t\r\n\t\t\t<a href=\"https:\/\/acquaprocess.eu\/contact\/\" target=\"_self\" aria-label=\"Zoom the image\"><div class=\"vc_single_image-wrapper vc_box_rounded  vc_box_border_grey\"><img decoding=\"async\" width=\"600\" height=\"774\" src=\"https:\/\/acquaprocess.eu\/wp-content\/uploads\/2025\/07\/visuel.jpg\" class=\"vc_single_image-img attachment-full\" alt=\"Fonctionnement syst\u00e8me ACQUAPROCESS\" title=\"visuel\" srcset=\"https:\/\/acquaprocess.eu\/wp-content\/uploads\/2025\/07\/visuel.jpg 600w, https:\/\/acquaprocess.eu\/wp-content\/uploads\/2025\/07\/visuel-400x516.jpg 400w, https:\/\/acquaprocess.eu\/wp-content\/uploads\/2025\/07\/visuel-367x473.jpg 367w\" sizes=\"(max-width: 600px) 100vw, 600px\" \/><\/div><\/a>\r\n\t\t<\/div>\r\n\t<\/div>\r\n<\/div><\/div><\/div><\/div><\/div><div class=\"vc_row wpb_row top-row porto-inner-container wpb_custom_034b39d9bc6c6b310d69e39f0ccf274f\"><div class=\"porto-wrap-container container\"><div class=\"row\"><div class=\"vc_column_container col-md-6\"><div class=\"wpb_wrapper vc_column-inner\"><h2 style=\"font-size: 30px;color: #00396b;line-height: 1.2;font-weight:700;letter-spacing:-0.05em\" data-appear-animation=\"fadeInLeft\" data-appear-animation-delay=\"100\" class=\"vc_custom_heading vc_do_custom_heading vc_custom_1753202063567 wpb_custom_aa365bd5046e8294520b4e73732b9d15 align-left\" >Gentle physical treatment for healthy, high-performance water<\/h2>\r\n\t<div class=\"wpb_text_column wpb_content_element wpb_custom_7c91d232724f73626cc933bd95b25ff0\" >\r\n\t\t<div class=\"wpb_wrapper\">\r\n\t\t\t<p>The performance of the ACQUAPROCESS\u00ae system goes far beyond <strong>limescale treatment<\/strong>, a specific adaptation of this system enables it to act on bacterial proliferation<a href=\"https:\/\/acquaprocess.eu\/blog\/legionellose-ses-mefaits-dans-les-canalisations-et-les-solutions-pour-la-traiter\/\">legionella and microalgae treatment<\/a>\u00a0, <a href=\"https:\/\/acquaprocess.eu\/blog\/traitement-piscine-comment-proteger-efficacement-votre-bassin\/\">anti-limescale for swimming pools)<\/a>), <strong>without the use of chemicals.<\/strong>.<\/p>\n<p>L\u2019<strong>Limescale build-up in pipes<\/strong>, heating elements or taps creates a biofilm in which 99% of the bacteria present in the water system reside.<\/p>\n<p>The ACQUAPROCESS\u00ae system modifies the molecule responsible for limescale formation, eliminating biofilm (via the Van Der Waals forces) and thereby reducing bacterial proliferation. Electromagnetic induction triggers a chemical reaction during which electrons are transferred, known as the REDOX (REDuction OXydation) process.<\/p>\n\r\n\t\t<\/div>\r\n\t<\/div>\r\n<\/div><\/div><div class=\"vc_column_container col-md-6\"><div class=\"wpb_wrapper vc_column-inner\">\r\n\t<div class=\"wpb_text_column wpb_content_element wpb_custom_7c91d232724f73626cc933bd95b25ff0\" >\r\n\t\t<div class=\"wpb_wrapper\">\r\n\t\t\t<p>This process is triggered by a current source, producing oxidising agents that act on the environment by removing rust and biofilm, thereby limiting conditions conducive to bacterial growth.<\/p>\n\r\n\t\t<\/div>\r\n\t<\/div>\r\n<h3 style=\"font-size: 25px;color: #00396b;line-height: 1.2;font-weight:700;letter-spacing:-0.05em\" data-appear-animation=\"fadeInLeft\" data-appear-animation-delay=\"100\" class=\"vc_custom_heading vc_do_custom_heading vc_custom_1753202350327 wpb_custom_aa365bd5046e8294520b4e73732b9d15 align-left heading-tertiary\" >All the advantages of ACQUAPROCESS\u00ae<\/h3><p style=\"font-size: 16px;line-height: 1;font-weight:500\" data-appear-animation=\"fadeInLeft\" data-appear-animation-delay=\"200\" class=\"vc_custom_heading vc_do_custom_heading mb-4 ms-xl-2 ps-xl-1 list-unstyled wpb_custom_aa365bd5046e8294520b4e73732b9d15 align-left\" >WITHOUT ANY CHEMICALS<\/p><p style=\"font-size: 16px;line-height: 1;font-weight:500\" data-appear-animation=\"fadeInLeft\" data-appear-animation-delay=\"400\" class=\"vc_custom_heading vc_do_custom_heading mb-4 ms-xl-2 ps-xl-1 list-unstyled wpb_custom_aa365bd5046e8294520b4e73732b9d15 align-left\" >PREVENTS THE FORMATION OF LIME SCALE DEPOSITS<\/p><p style=\"font-size: 16px;line-height: 1;font-weight:500\" data-appear-animation=\"fadeInLeft\" data-appear-animation-delay=\"400\" class=\"vc_custom_heading vc_do_custom_heading mb-4 ms-xl-2 ps-xl-1 list-unstyled wpb_custom_aa365bd5046e8294520b4e73732b9d15 align-left\" >REMOVES LIME SCALE BUILD-UP<\/p><p style=\"font-size: 16px;line-height: 1;font-weight:500\" data-appear-animation=\"fadeInLeft\" data-appear-animation-delay=\"400\" class=\"vc_custom_heading vc_do_custom_heading mb-4 ms-xl-2 ps-xl-1 list-unstyled wpb_custom_aa365bd5046e8294520b4e73732b9d15 align-left\" >PREVENTS THE PROLIFERATION OF MICROALGAE<\/p><p style=\"font-size: 16px;line-height: 1;font-weight:500\" data-appear-animation=\"fadeInLeft\" data-appear-animation-delay=\"400\" class=\"vc_custom_heading vc_do_custom_heading mb-4 ms-xl-2 ps-xl-1 list-unstyled wpb_custom_aa365bd5046e8294520b4e73732b9d15 align-left\" >REDUCES MICROBIAL &amp; BACTERIAL PRESENCE<\/p><p style=\"font-size: 16px;line-height: 1;font-weight:500\" data-appear-animation=\"fadeInLeft\" data-appear-animation-delay=\"400\" class=\"vc_custom_heading vc_do_custom_heading mb-4 ms-xl-2 ps-xl-1 list-unstyled wpb_custom_aa365bd5046e8294520b4e73732b9d15 align-left\" >NO MAINTENANCE COSTS<\/p><\/div><\/div><\/div><\/div><\/div><div class=\"vc_row wpb_row top-row vc_custom_1752746298772 vc_row-has-fill porto-inner-container wpb_custom_034b39d9bc6c6b310d69e39f0ccf274f\"><div class=\"porto-wrap-container container\"><div class=\"row\"><div class=\"vc_column_container col-md-12\"><div class=\"wpb_wrapper vc_column-inner\"><p style=\"font-size: 40px;color: var(--porto-light-color);line-height: 1;text-align: center;font-weight:700;letter-spacing:-2px\" data-appear-animation=\"fadeIn\" data-appear-animation-delay=\"400\" class=\"vc_custom_heading vc_do_custom_heading wpb_custom_aa365bd5046e8294520b4e73732b9d15 heading-light\" >Only ACQUAPROCESS\u00ae addresses the issues<br \/>\nof bacteria and certain viruses.<\/p><p style=\"font-size: 22px;color: #e0e1e5;line-height: 26px;text-align: center;font-weight:400;letter-spacing:0\" data-appear-animation=\"fadeIn\" data-appear-animation-delay=\"400\" class=\"vc_custom_heading vc_do_custom_heading wpb_custom_aa365bd5046e8294520b4e73732b9d15\" >LEGIONELLA AND PRION, FOR EXAMPLE<\/p><\/div><\/div><\/div><\/div><\/div><div class=\"vc_row wpb_row top-row porto-inner-container wpb_custom_034b39d9bc6c6b310d69e39f0ccf274f\"><div class=\"porto-wrap-container container\"><div class=\"row\"><div class=\"vc_column_container col-md-12\"><div class=\"wpb_wrapper vc_column-inner\"><h2 style=\"font-size: 30px;color: #00396b;line-height: 1.2;font-weight:700;letter-spacing:-0.05em\" data-appear-animation=\"fadeInLeft\" data-appear-animation-delay=\"100\" class=\"vc_custom_heading vc_do_custom_heading wpb_custom_aa365bd5046e8294520b4e73732b9d15 align-left\" >ACQUAPROCESS\u00ae remote management<\/h2><p style=\"font-size: 20px;line-height: 1.2\" class=\"vc_custom_heading vc_do_custom_heading wpb_custom_aa365bd5046e8294520b4e73732b9d15 align-left heading-tertiary\" >Our connected application will enable you to monitor all indicators and stay informed in real time.<\/p><\/div><\/div><\/div><\/div><\/div><div id=\"intro\" class=\"vc_row wpb_row top-row py-5 mb-4 mb-xl-5 mt-4 mt-xl-0 porto-inner-container wpb_custom_034b39d9bc6c6b310d69e39f0ccf274f\"><div class=\"porto-wrap-container container\"><div class=\"row align-items-center\"><div class=\"vc_column_container col-md-12 col-xl-4 col-lg-6\"><div class=\"wpb_wrapper vc_column-inner\">\r\n\t<div class=\"wpb_text_column wpb_content_element wpb_custom_7c91d232724f73626cc933bd95b25ff0\" >\r\n\t\t<div class=\"wpb_wrapper\">\r\n\t\t\t<p>ACQUAPROCESS\u00ae is also an <strong>interactive system<\/strong> that collects all the information from the hydraulic circuit via sensors and transmits it to the server via GSM, Wi-Fi or intranet.<\/p>\n<p>It allows you to easily monitor its operation from a mobile phone, computer, or tablet.<\/p>\n<p>Le <strong>water treatment<\/strong> is very complex, as it is necessary to take into account its TH, PH, flow rate, network configuration and temperature, which varies from one site to another. This is why most devices on the market are criticised for their lack of reliability.<\/p>\n<p>The purpose of chemical treatment is to act on the elements present in the water and modify the properties of the components present.<\/p>\n\r\n\t\t<\/div>\r\n\t<\/div>\r\n<div class=\"vc_empty_space\"   style=\"height: 30px\"><span class=\"vc_empty_space_inner\"><\/span><\/div><\/div><\/div><div class=\"vc_column_container col-md-12 col-xl-4 col-lg-6\"><div class=\"wpb_wrapper vc_column-inner\">\r\n\t<div class=\"wpb_single_image wpb_content_element vc_align_center wpb_content_element  wpb_custom_81a4f7ef9830bf958462581aa01150fb\" data-appear-animation=\"fadeIn\" data-appear-animation-delay=\"400\"><div class=\"wpb_wrapper\">\r\n\t\t\t\r\n\t\t\t<a href=\"https:\/\/monitoring.acquaprocess.eu\/\" target=\"_blank\" aria-label=\"Zoom the image\"><div class=\"vc_single_image-wrapper   vc_box_border_grey\"><img decoding=\"async\" width=\"360\" height=\"680\" src=\"https:\/\/acquaprocess.eu\/wp-content\/uploads\/2025\/07\/plateforme-acquamonitoring.jpg\" class=\"vc_single_image-img attachment-full\" alt=\"Plateforme Acquamonitoring\" title=\"plateforme-acquamonitoring\" \/><\/div><\/a>\r\n\t\t<\/div>\r\n\t<\/div>\r\n<\/div><\/div><div class=\"mt-4 mt-lg-0 vc_column_container col-md-12 col-xl-4\"><div class=\"wpb_wrapper vc_column-inner\">\r\n\t<div class=\"wpb_text_column wpb_content_element wpb_custom_7c91d232724f73626cc933bd95b25ff0\" >\r\n\t\t<div class=\"wpb_wrapper\">\r\n\t\t\t<p>We know that <strong>limescale <\/strong>is more active as temperatures rise. By setting a lower temperature limit and an upper temperature limit, as soon as the system detects that the lower or upper limit has been exceeded, it will take action by modifying the settings on the wave generators.<\/p>\n<p>Users will be able to remotely consult all archived and current information from the ACQUAPROCESS\u00ae system in real time, namely:<\/p>\n<ul>\n<li>The actions and results of the connected sensors.<\/li>\n<li>The correct functioning of the ACQUAPROCESS\u00ae system<\/li>\n<li>The actions of the RS485 LAN connection.<\/li>\n<li>The alarm connection, the reason for the alert, and the frequency of downtime.<\/li>\n<li>The actions of the GSM connection.<\/li>\n<\/ul>\n\r\n\t\t<\/div>\r\n\t<\/div>\r\n<\/div><\/div><\/div><\/div><\/div>\n<\/div>","protected":false},"excerpt":{"rendered":"Une technologie innovante et connect\u00e9eLe proc\u00e9d\u00e9 anti-calcaire ACQUAPROCESS\u00ae utilise un syst\u00e8me d\u2019induction basse fr\u00e9quence qui modifie les propri\u00e9t\u00e9s calcaires de l\u2019eau. Le syst\u00e8me ACQUAPROCESS\u00ae est constitu\u00e9 d\u2019un g\u00e9n\u00e9rateur qui envoie des signaux variables en fr\u00e9quence et en puissance directement sur la canalisation \u00e0 traiter via deux inducteurs bobin\u00e9s, cr\u00e9ant ainsi un champ \u00e9lectrique \u00e0 basse [...]","protected":false},"author":2,"featured_media":804,"parent":0,"menu_order":0,"comment_status":"closed","ping_status":"closed","template":"","meta":{"footnotes":""},"class_list":["post-8","page","type-page","status-publish","has-post-thumbnail","hentry"],"yoast_head":"<!-- This site is optimized with the Yoast SEO plugin v27.2 - https:\/\/yoast.com\/product\/yoast-seo-wordpress\/ -->\n<title>Fonctionnement proc\u00e9d\u00e9 anti-calcaire ACQUAPROCESS\u00ae<\/title>\n<meta name=\"description\" content=\"D\u00e9couvrez le fonctionnement de notre proc\u00e9d\u00e9 anti-calcaire et d\u00e9truisez calcaire, biofilm, corrosion et bact\u00e9ries dans l&#039;eau.\" \/>\n<meta name=\"robots\" content=\"index, follow, max-snippet:-1, max-image-preview:large, max-video-preview:-1\" \/>\n<link rel=\"canonical\" href=\"https:\/\/acquaprocess.eu\/en\/functioning\/\" \/>\n<meta property=\"og:locale\" content=\"en_GB\" \/>\n<meta property=\"og:type\" content=\"article\" \/>\n<meta property=\"og:title\" content=\"Fonctionnement proc\u00e9d\u00e9 anti-calcaire ACQUAPROCESS\u00ae\" \/>\n<meta property=\"og:description\" content=\"D\u00e9couvrez le fonctionnement de notre proc\u00e9d\u00e9 anti-calcaire et d\u00e9truisez calcaire, biofilm, corrosion et bact\u00e9ries dans l&#039;eau.\" \/>\n<meta property=\"og:url\" content=\"https:\/\/acquaprocess.eu\/en\/functioning\/\" \/>\n<meta property=\"og:site_name\" content=\"Acquaprocess\" \/>\n<meta property=\"article:modified_time\" content=\"2025-10-07T15:28:49+00:00\" \/>\n<meta property=\"og:image\" content=\"https:\/\/acquaprocess.eu\/wp-content\/uploads\/2025\/07\/systeme-anticalcaire-acquaprocess.jpg\" \/>\n\t<meta property=\"og:image:width\" content=\"700\" \/>\n\t<meta property=\"og:image:height\" content=\"500\" \/>\n\t<meta property=\"og:image:type\" content=\"image\/jpeg\" \/>\n<meta name=\"twitter:card\" content=\"summary_large_image\" \/>\n<meta name=\"twitter:label1\" content=\"Estimated reading time\" \/>\n\t<meta name=\"twitter:data1\" content=\"5 minutes\" \/>\n<script type=\"application\/ld+json\" class=\"yoast-schema-graph\">{\"@context\":\"https:\/\/schema.org\",\"@graph\":[{\"@type\":\"WebPage\",\"@id\":\"https:\/\/acquaprocess.eu\/fonctionnement\/\",\"url\":\"https:\/\/acquaprocess.eu\/fonctionnement\/\",\"name\":\"Fonctionnement proc\u00e9d\u00e9 anti-calcaire ACQUAPROCESS\u00ae\",\"isPartOf\":{\"@id\":\"https:\/\/acquaprocess.eu\/#website\"},\"primaryImageOfPage\":{\"@id\":\"https:\/\/acquaprocess.eu\/fonctionnement\/#primaryimage\"},\"image\":{\"@id\":\"https:\/\/acquaprocess.eu\/fonctionnement\/#primaryimage\"},\"thumbnailUrl\":\"https:\/\/acquaprocess.eu\/wp-content\/uploads\/2025\/07\/systeme-anticalcaire-acquaprocess.jpg\",\"datePublished\":\"2020-06-29T08:08:03+00:00\",\"dateModified\":\"2025-10-07T15:28:49+00:00\",\"description\":\"D\u00e9couvrez le fonctionnement de notre proc\u00e9d\u00e9 anti-calcaire et d\u00e9truisez calcaire, biofilm, corrosion et bact\u00e9ries dans l'eau.\",\"breadcrumb\":{\"@id\":\"https:\/\/acquaprocess.eu\/fonctionnement\/#breadcrumb\"},\"inLanguage\":\"en-GB\",\"potentialAction\":[{\"@type\":\"ReadAction\",\"target\":[\"https:\/\/acquaprocess.eu\/fonctionnement\/\"]}]},{\"@type\":\"ImageObject\",\"inLanguage\":\"en-GB\",\"@id\":\"https:\/\/acquaprocess.eu\/fonctionnement\/#primaryimage\",\"url\":\"https:\/\/acquaprocess.eu\/wp-content\/uploads\/2025\/07\/systeme-anticalcaire-acquaprocess.jpg\",\"contentUrl\":\"https:\/\/acquaprocess.eu\/wp-content\/uploads\/2025\/07\/systeme-anticalcaire-acquaprocess.jpg\",\"width\":700,\"height\":500,\"caption\":\"Syst\u00e8me anti-calcaire ACQUAPROCESS\"},{\"@type\":\"BreadcrumbList\",\"@id\":\"https:\/\/acquaprocess.eu\/fonctionnement\/#breadcrumb\",\"itemListElement\":[{\"@type\":\"ListItem\",\"position\":1,\"name\":\"Accueil\",\"item\":\"https:\/\/acquaprocess.eu\/\"},{\"@type\":\"ListItem\",\"position\":2,\"name\":\"Nos solutions\"}]},{\"@type\":\"WebSite\",\"@id\":\"https:\/\/acquaprocess.eu\/#website\",\"url\":\"https:\/\/acquaprocess.eu\/\",\"name\":\"Acquaprocess\",\"description\":\"Syst\u00e8me anti-calcaire et traitement de l&#039;eau\",\"potentialAction\":[{\"@type\":\"SearchAction\",\"target\":{\"@type\":\"EntryPoint\",\"urlTemplate\":\"https:\/\/acquaprocess.eu\/?s={search_term_string}\"},\"query-input\":{\"@type\":\"PropertyValueSpecification\",\"valueRequired\":true,\"valueName\":\"search_term_string\"}}],\"inLanguage\":\"en-GB\"}]}<\/script>\n<!-- \/ Yoast SEO plugin. -->","yoast_head_json":{"title":"How the ACQUAPROCESS\u00ae anti-limescale system works","description":"Discover how our anti-scale process works and eliminate limescale, biofilm, corrosion and bacteria in water.","robots":{"index":"index","follow":"follow","max-snippet":"max-snippet:-1","max-image-preview":"max-image-preview:large","max-video-preview":"max-video-preview:-1"},"canonical":"https:\/\/acquaprocess.eu\/en\/functioning\/","og_locale":"en_GB","og_type":"article","og_title":"Fonctionnement proc\u00e9d\u00e9 anti-calcaire ACQUAPROCESS\u00ae","og_description":"D\u00e9couvrez le fonctionnement de notre proc\u00e9d\u00e9 anti-calcaire et d\u00e9truisez calcaire, biofilm, corrosion et bact\u00e9ries dans l'eau.","og_url":"https:\/\/acquaprocess.eu\/en\/functioning\/","og_site_name":"Acquaprocess","article_modified_time":"2025-10-07T15:28:49+00:00","og_image":[{"width":700,"height":500,"url":"https:\/\/acquaprocess.eu\/wp-content\/uploads\/2025\/07\/systeme-anticalcaire-acquaprocess.jpg","type":"image\/jpeg"}],"twitter_card":"summary_large_image","twitter_misc":{"Estimated reading time":"5 minutes"},"schema":{"@context":"https:\/\/schema.org","@graph":[{"@type":"WebPage","@id":"https:\/\/acquaprocess.eu\/fonctionnement\/","url":"https:\/\/acquaprocess.eu\/fonctionnement\/","name":"How the ACQUAPROCESS\u00ae anti-limescale system works","isPartOf":{"@id":"https:\/\/acquaprocess.eu\/#website"},"primaryImageOfPage":{"@id":"https:\/\/acquaprocess.eu\/fonctionnement\/#primaryimage"},"image":{"@id":"https:\/\/acquaprocess.eu\/fonctionnement\/#primaryimage"},"thumbnailUrl":"https:\/\/acquaprocess.eu\/wp-content\/uploads\/2025\/07\/systeme-anticalcaire-acquaprocess.jpg","datePublished":"2020-06-29T08:08:03+00:00","dateModified":"2025-10-07T15:28:49+00:00","description":"Discover how our anti-scale process works and eliminate limescale, biofilm, corrosion and bacteria in water.","breadcrumb":{"@id":"https:\/\/acquaprocess.eu\/fonctionnement\/#breadcrumb"},"inLanguage":"en-GB","potentialAction":[{"@type":"ReadAction","target":["https:\/\/acquaprocess.eu\/fonctionnement\/"]}]},{"@type":"ImageObject","inLanguage":"en-GB","@id":"https:\/\/acquaprocess.eu\/fonctionnement\/#primaryimage","url":"https:\/\/acquaprocess.eu\/wp-content\/uploads\/2025\/07\/systeme-anticalcaire-acquaprocess.jpg","contentUrl":"https:\/\/acquaprocess.eu\/wp-content\/uploads\/2025\/07\/systeme-anticalcaire-acquaprocess.jpg","width":700,"height":500,"caption":"Syst\u00e8me anti-calcaire ACQUAPROCESS"},{"@type":"BreadcrumbList","@id":"https:\/\/acquaprocess.eu\/fonctionnement\/#breadcrumb","itemListElement":[{"@type":"ListItem","position":1,"name":"Accueil","item":"https:\/\/acquaprocess.eu\/"},{"@type":"ListItem","position":2,"name":"Nos solutions"}]},{"@type":"WebSite","@id":"https:\/\/acquaprocess.eu\/#website","url":"https:\/\/acquaprocess.eu\/","name":"Acquaprocess","description":"Anti-scale system and water treatment","potentialAction":[{"@type":"SearchAction","target":{"@type":"EntryPoint","urlTemplate":"https:\/\/acquaprocess.eu\/?s={search_term_string}"},"query-input":{"@type":"PropertyValueSpecification","valueRequired":true,"valueName":"search_term_string"}}],"inLanguage":"en-GB"}]}},"_links":{"self":[{"href":"https:\/\/acquaprocess.eu\/en\/wp-json\/wp\/v2\/pages\/8","targetHints":{"allow":["GET"]}}],"collection":[{"href":"https:\/\/acquaprocess.eu\/en\/wp-json\/wp\/v2\/pages"}],"about":[{"href":"https:\/\/acquaprocess.eu\/en\/wp-json\/wp\/v2\/types\/page"}],"author":[{"embeddable":true,"href":"https:\/\/acquaprocess.eu\/en\/wp-json\/wp\/v2\/users\/2"}],"replies":[{"embeddable":true,"href":"https:\/\/acquaprocess.eu\/en\/wp-json\/wp\/v2\/comments?post=8"}],"version-history":[{"count":29,"href":"https:\/\/acquaprocess.eu\/en\/wp-json\/wp\/v2\/pages\/8\/revisions"}],"predecessor-version":[{"id":1292,"href":"https:\/\/acquaprocess.eu\/en\/wp-json\/wp\/v2\/pages\/8\/revisions\/1292"}],"wp:featuredmedia":[{"embeddable":true,"href":"https:\/\/acquaprocess.eu\/en\/wp-json\/wp\/v2\/media\/804"}],"wp:attachment":[{"href":"https:\/\/acquaprocess.eu\/en\/wp-json\/wp\/v2\/media?parent=8"}],"curies":[{"name":"wp","href":"https:\/\/api.w.org\/{rel}","templated":true}]}}