{"id":1293,"date":"2025-10-07T18:13:36","date_gmt":"2025-10-07T16:13:36","guid":{"rendered":"https:\/\/acquaprocess.eu\/?page_id=1293"},"modified":"2025-10-14T09:39:47","modified_gmt":"2025-10-14T07:39:47","slug":"la-nostra-storia","status":"publish","type":"page","link":"https:\/\/acquaprocess.eu\/it\/notre-histoire\/","title":{"rendered":"La nostra storia"},"content":{"rendered":"<div class=\"wpb-content-wrapper\"><div class=\"vc_row wpb_row top-row vc_custom_1752061277027 porto-inner-container wpb_custom_034b39d9bc6c6b310d69e39f0ccf274f\"><div class=\"porto-wrap-container container\"><div class=\"row\"><div class=\"vc_column_container col-md-12\"><div class=\"wpb_wrapper vc_column-inner\"><div class=\"vc_empty_space\"   style=\"height: 32px\"><span class=\"vc_empty_space_inner\"><\/span><\/div><h1 style=\"font-size: 40px;color: #00396b;line-height: 1.2;font-weight:700;letter-spacing:-0.05em\" data-appear-animation=\"fadeInLeft\" data-appear-animation-delay=\"100\" class=\"vc_custom_heading vc_do_custom_heading vc_custom_1759851172587 wpb_custom_aa365bd5046e8294520b4e73732b9d15 align-left\" >La storia di ACQUAPROCESS\u00ae<\/h1><p style=\"font-size: 20px;line-height: 1.2\" class=\"vc_custom_heading vc_do_custom_heading wpb_custom_aa365bd5046e8294520b4e73732b9d15 align-left heading-tertiary\" >Dall'ingegnosit\u00e0 all'innovazione: dieci anni di esperienza nel trattamento delle acque<\/p><\/div><\/div><\/div><\/div><\/div><div class=\"vc_row wpb_row top-row vc_custom_1752759004246 porto-inner-container wpb_custom_034b39d9bc6c6b310d69e39f0ccf274f\"><div class=\"porto-wrap-container container\"><div class=\"row\"><div class=\"vc_column_container col-md-8\"><div class=\"wpb_wrapper vc_column-inner\">\r\n\t<div class=\"wpb_text_column wpb_content_element wpb_custom_7c91d232724f73626cc933bd95b25ff0\" >\r\n\t\t<div class=\"wpb_wrapper\">\r\n\t\t\t<p>Tutto inizia nel 2013, quando Pietro Cappello, ingegnere e dirigente di un'azienda specializzata nel trattamento dell'aria, viene contattato da un cliente industriale. Quest'ultimo \u00e8 costretto a interrompere una o due volte all'anno il proprio processo industriale a causa delle torri di raffreddamento che si incrostano regolarmente.<\/p>\n<p>Curioso e appassionato di tecnologia, Pietro Cappello conduce le sue ricerche. Scopre cos\u00ec un vecchio brevetto americano che consiste nel <strong>rimuovere il tartaro con ULF<\/strong> (Ultra Low Frequency). Convinto del potenziale di questo processo, decide di adattarlo e sperimentarlo.<\/p>\n<p>Il primo test viene effettuato in un <a href=\"https:\/\/acquaprocess.eu\/secteurs\/etablissements-de-sante\/\">struttura sanitaria<\/a> rinomata nei pressi di Nizza. Ben presto si constata che il calcare si stacca efficacemente... a volte anche troppo rapidamente: i depositi si staccano in massa, causando disturbi agli impianti e agli utenti (scambiatori, pompe, aeratori, colonne doccia... intasati).<\/p>\n<p>Grazie a numerose modifiche e a un approfondito lavoro di ricerca, la tecnologia viene perfezionata. Viene quindi depositato un brevetto sull'utilizzo delle frequenze che garantisce il <a href=\"https:\/\/acquaprocess.eu\/blog\/traitement-anticalcaire-avec-acquaprocess\/\">trattamento del calcare<\/a> senza conseguenze negative per gli impianti e gli utenti.<\/p>\n<p>Era quindi necessario trovare un nome per questa soluzione. Poich\u00e9 il problema iniziale proveniva da un processo industriale e gli sviluppi erano stati realizzati in ambito ospedaliero, il nome era gi\u00e0 pronto: ACQUAPROCESS\u00ae! Acqua per la salute, la purezza (nessun prodotto chimico) e Process per l'affidabilit\u00e0 e la capacit\u00e0 dei sistemi di funzionare in tutti i settori, compreso quello <a href=\"https:\/\/acquaprocess.eu\/secteurs\/industrie\/\">industriale.<\/a>.<\/p>\n\r\n\t\t<\/div>\r\n\t<\/div>\r\n<\/div><\/div><div class=\"vc_column_container col-md-4\"><div class=\"wpb_wrapper vc_column-inner\">\r\n\t<div class=\"wpb_single_image wpb_content_element vc_align_center wpb_content_element  wpb_custom_81a4f7ef9830bf958462581aa01150fb\"><div class=\"wpb_wrapper\">\r\n\t\t\t\r\n\t\t\t<a href=\"https:\/\/acquaprocess.eu\/contact\/\" target=\"_self\" aria-label=\"Zoom the image\"><div class=\"vc_single_image-wrapper vc_box_circle  vc_box_border_grey\"><img decoding=\"async\" width=\"600\" height=\"774\" src=\"https:\/\/acquaprocess.eu\/wp-content\/uploads\/2025\/10\/acquaprocess-history.jpg\" class=\"vc_single_image-img attachment-full\" alt=\"ACQUAPROCESS Notre histoire\" title=\"acquaprocess-history\" srcset=\"https:\/\/acquaprocess.eu\/wp-content\/uploads\/2025\/10\/acquaprocess-history.jpg 600w, https:\/\/acquaprocess.eu\/wp-content\/uploads\/2025\/10\/acquaprocess-history-400x516.jpg 400w, https:\/\/acquaprocess.eu\/wp-content\/uploads\/2025\/10\/acquaprocess-history-367x473.jpg 367w\" sizes=\"(max-width: 600px) 100vw, 600px\" \/><\/div><\/a>\r\n\t\t<\/div>\r\n\t<\/div>\r\n<\/div><\/div><\/div><\/div><\/div><div class=\"vc_row wpb_row top-row porto-inner-container wpb_custom_034b39d9bc6c6b310d69e39f0ccf274f\"><div class=\"porto-wrap-container container\"><div class=\"row\"><div class=\"vc_column_container col-md-12\"><div class=\"wpb_wrapper vc_column-inner\"><h2 style=\"font-size: 30px;color: #00396b;line-height: 1.2;font-weight:700;letter-spacing:-0.05em\" data-appear-animation=\"fadeInLeft\" data-appear-animation-delay=\"100\" class=\"vc_custom_heading vc_do_custom_heading vc_custom_1759851625184 wpb_custom_aa365bd5046e8294520b4e73732b9d15 align-left\" >Una nuova generazione (2023)<\/h2>\r\n\t<div class=\"wpb_text_column wpb_content_element wpb_custom_7c91d232724f73626cc933bd95b25ff0\" >\r\n\t\t<div class=\"wpb_wrapper\">\r\n\t\t\t<p>Nel 2023 Fabien Cappello (figlio del fondatore) entra a far parte del progetto ACQUAPROCESS\u00ae. Forte di 20 anni di esperienza come direttore acquisti in grandi gruppi, apporta una visione strategica orientata all'innovazione, alla digitalizzazione e allo sviluppo di nuovi mercati.<\/p>\n<p>ACQUAPROCESS\u00ae ha gi\u00e0 pi\u00f9 di 10 anni e intende continuare a lungo con l'arrivo di questa nuova generazione.<\/p>\n\r\n\t\t<\/div>\r\n\t<\/div>\r\n<\/div><\/div><\/div><\/div><\/div><div class=\"vc_row wpb_row top-row porto-inner-container wpb_custom_034b39d9bc6c6b310d69e39f0ccf274f\"><div class=\"porto-wrap-container container\"><div class=\"row\"><div class=\"vc_column_container col-md-12\"><div class=\"wpb_wrapper vc_column-inner\"><h2 style=\"font-size: 30px;color: #00396b;line-height: 1.2;font-weight:700;letter-spacing:-0.05em\" data-appear-animation=\"fadeInLeft\" data-appear-animation-delay=\"100\" class=\"vc_custom_heading vc_do_custom_heading vc_custom_1759851763642 wpb_custom_aa365bd5046e8294520b4e73732b9d15 align-left\" >ACQUAPROCESS\u00ae oggi<\/h2>\r\n\t<div class=\"wpb_text_column wpb_content_element wpb_custom_7c91d232724f73626cc933bd95b25ff0\" >\r\n\t\t<div class=\"wpb_wrapper\">\r\n\t\t\t<p>Con sede a Nizza, l'azienda conta gi\u00e0 oltre 600 installazioni in Francia e in Italia. Tutte le soluzioni ACQUAPROCESS\u00ae sono sviluppate e prodotte in Francia (nella regione meridionale), garantendo qualit\u00e0, affidabilit\u00e0 e tracciabilit\u00e0. Questo sviluppo testimonia la fiducia riposta dai professionisti di ogni settore e l'efficacia comprovata della tecnologia sviluppata da ACQUAPROCESS\u00ae.<\/p>\n\r\n\t\t<\/div>\r\n\t<\/div>\r\n<\/div><\/div><\/div><\/div><\/div><div class=\"vc_row wpb_row top-row vc_custom_1752746298772 vc_row-has-fill porto-inner-container wpb_custom_034b39d9bc6c6b310d69e39f0ccf274f\"><div class=\"porto-wrap-container container\"><div class=\"row\"><div class=\"vc_column_container col-md-12\"><div class=\"wpb_wrapper vc_column-inner\"><p style=\"font-size: 40px;color: var(--porto-light-color);line-height: 1;text-align: center;font-weight:700;letter-spacing:-2px\" data-appear-animation=\"fadeIn\" data-appear-animation-delay=\"400\" class=\"vc_custom_heading vc_do_custom_heading wpb_custom_aa365bd5046e8294520b4e73732b9d15 heading-light\" >ACQUAPROCESS\u00ae: la storia di un'idea diventata soluzione<br \/>\nper un'acqua pi\u00f9 pura e un futuro sostenibile<\/p><\/div><\/div><\/div><\/div><\/div><div class=\"vc_row wpb_row top-row porto-inner-container wpb_custom_034b39d9bc6c6b310d69e39f0ccf274f\"><div class=\"porto-wrap-container container\"><div class=\"row\"><div class=\"vc_column_container col-md-12\"><div class=\"wpb_wrapper vc_column-inner\"><h2 style=\"font-size: 30px;color: #00396b;line-height: 1.2;font-weight:700;letter-spacing:-0.05em\" data-appear-animation=\"fadeInLeft\" data-appear-animation-delay=\"100\" class=\"vc_custom_heading vc_do_custom_heading wpb_custom_aa365bd5046e8294520b4e73732b9d15 align-left\" >La nostra convinzione<\/h2>\r\n\t<div class=\"wpb_text_column wpb_content_element wpb_custom_7c91d232724f73626cc933bd95b25ff0\" >\r\n\t\t<div class=\"wpb_wrapper\">\r\n\t\t\t<p>Fin dall'inizio siamo stati guidati da un'idea:<\/p>\n\r\n\t\t<\/div>\r\n\t<\/div>\r\n<div class=\"vc_row wpb_row vc_inner row\"><div class=\"vc_column_container col-md-2\"><div class=\"wpb_wrapper vc_column-inner\"><\/div><\/div><div class=\"vc_column_container col-md-8\"><div class=\"wpb_wrapper vc_column-inner\"><p style=\"font-size: 20px;line-height: 1.2;text-align: center\" class=\"vc_custom_heading vc_do_custom_heading wpb_custom_aa365bd5046e8294520b4e73732b9d15 heading-tertiary\" >\u00c8 possibile trattare l'acqua in modo diverso, senza prodotti chimici, per proteggere gli impianti, preservare la salute e costruire un futuro sostenibile.<\/p><\/div><\/div><div class=\"vc_column_container col-md-2\"><div class=\"wpb_wrapper vc_column-inner\"><\/div><\/div><\/div>\r\n\t<div class=\"wpb_text_column wpb_content_element vc_custom_1759852437657 wpb_custom_7c91d232724f73626cc933bd95b25ff0\" >\r\n\t\t<div class=\"wpb_wrapper\">\r\n\t\t\t<p>Oggi siamo alla quarta versione dei sistemi ACQUAPROCESS\u00ae, sempre pi\u00f9 performanti, e abbiamo sviluppato la piattaforma connessa <a href=\"https:\/\/monitoring.acquaprocess.eu\/\" target=\"_blank\" rel=\"noopener\">Acquamonitoring<\/a> per consentire ai nostri clienti di monitorare in tempo reale i parametri della loro acqua (temperatura, conduttivit\u00e0, ecc.).<\/p>\n\r\n\t\t<\/div>\r\n\t<\/div>\r\n<\/div><\/div><\/div><\/div><\/div>\n<\/div>","protected":false},"excerpt":{"rendered":"L\u2019histoire d\u2019ACQUAPROCESS\u00aeDe l\u2019ing\u00e9niosit\u00e9 \u00e0 l\u2019innovation : dix ans d\u2019expertise dans le traitement de l\u2019eau Tout commence en 2013, lorsque Pietro Cappello, ing\u00e9nieur et dirigeant d\u2019une soci\u00e9t\u00e9 sp\u00e9cialis\u00e9e dans le traitement de l\u2019air, est sollicit\u00e9 par un client industriel. Ce dernier est contraint d\u2019arr\u00eater une \u00e0 deux fois par an son process industriel \u00e0 cause de [...]","protected":false},"author":2,"featured_media":804,"parent":0,"menu_order":0,"comment_status":"closed","ping_status":"closed","template":"","meta":{"footnotes":""},"class_list":["post-1293","page","type-page","status-publish","has-post-thumbnail","hentry"],"yoast_head":"<!-- This site is optimized with the Yoast SEO plugin v27.2 - https:\/\/yoast.com\/product\/yoast-seo-wordpress\/ -->\n<title>L\u2019histoire d\u2019ACQUAPROCESS\u00ae, pionnier du traitement de l\u2019eau<\/title>\n<meta name=\"description\" content=\"ACQUAPROCESS\u00ae allie innovation, durabilit\u00e9 et passion pour offrir une solution de traitement de l\u2019eau respectueuse de la sant\u00e9.\" \/>\n<meta name=\"robots\" content=\"index, follow, max-snippet:-1, max-image-preview:large, max-video-preview:-1\" \/>\n<link rel=\"canonical\" href=\"https:\/\/acquaprocess.eu\/it\/la-nostra-storia\/\" \/>\n<meta property=\"og:locale\" content=\"it_IT\" \/>\n<meta property=\"og:type\" content=\"article\" \/>\n<meta property=\"og:title\" content=\"L\u2019histoire d\u2019ACQUAPROCESS\u00ae, pionnier du traitement de l\u2019eau\" \/>\n<meta property=\"og:description\" content=\"ACQUAPROCESS\u00ae allie innovation, durabilit\u00e9 et passion pour offrir une solution de traitement de l\u2019eau respectueuse de la sant\u00e9.\" \/>\n<meta property=\"og:url\" content=\"https:\/\/acquaprocess.eu\/it\/la-nostra-storia\/\" \/>\n<meta property=\"og:site_name\" content=\"Acquaprocess\" \/>\n<meta property=\"article:modified_time\" content=\"2025-10-14T07:39:47+00:00\" \/>\n<meta property=\"og:image\" content=\"https:\/\/acquaprocess.eu\/wp-content\/uploads\/2025\/07\/systeme-anticalcaire-acquaprocess.jpg\" \/>\n\t<meta property=\"og:image:width\" content=\"700\" \/>\n\t<meta property=\"og:image:height\" content=\"500\" \/>\n\t<meta property=\"og:image:type\" content=\"image\/jpeg\" \/>\n<meta name=\"twitter:card\" content=\"summary_large_image\" \/>\n<meta name=\"twitter:label1\" content=\"Tempo di lettura stimato\" \/>\n\t<meta name=\"twitter:data1\" content=\"4 minuti\" \/>\n<script type=\"application\/ld+json\" class=\"yoast-schema-graph\">{\"@context\":\"https:\/\/schema.org\",\"@graph\":[{\"@type\":\"WebPage\",\"@id\":\"https:\/\/acquaprocess.eu\/notre-histoire\/\",\"url\":\"https:\/\/acquaprocess.eu\/notre-histoire\/\",\"name\":\"L\u2019histoire d\u2019ACQUAPROCESS\u00ae, pionnier du traitement de l\u2019eau\",\"isPartOf\":{\"@id\":\"https:\/\/acquaprocess.eu\/#website\"},\"primaryImageOfPage\":{\"@id\":\"https:\/\/acquaprocess.eu\/notre-histoire\/#primaryimage\"},\"image\":{\"@id\":\"https:\/\/acquaprocess.eu\/notre-histoire\/#primaryimage\"},\"thumbnailUrl\":\"https:\/\/acquaprocess.eu\/wp-content\/uploads\/2025\/07\/systeme-anticalcaire-acquaprocess.jpg\",\"datePublished\":\"2025-10-07T16:13:36+00:00\",\"dateModified\":\"2025-10-14T07:39:47+00:00\",\"description\":\"ACQUAPROCESS\u00ae allie innovation, durabilit\u00e9 et passion pour offrir une solution de traitement de l\u2019eau respectueuse de la sant\u00e9.\",\"breadcrumb\":{\"@id\":\"https:\/\/acquaprocess.eu\/notre-histoire\/#breadcrumb\"},\"inLanguage\":\"it-IT\",\"potentialAction\":[{\"@type\":\"ReadAction\",\"target\":[\"https:\/\/acquaprocess.eu\/notre-histoire\/\"]}]},{\"@type\":\"ImageObject\",\"inLanguage\":\"it-IT\",\"@id\":\"https:\/\/acquaprocess.eu\/notre-histoire\/#primaryimage\",\"url\":\"https:\/\/acquaprocess.eu\/wp-content\/uploads\/2025\/07\/systeme-anticalcaire-acquaprocess.jpg\",\"contentUrl\":\"https:\/\/acquaprocess.eu\/wp-content\/uploads\/2025\/07\/systeme-anticalcaire-acquaprocess.jpg\",\"width\":700,\"height\":500,\"caption\":\"Syst\u00e8me anti-calcaire ACQUAPROCESS\"},{\"@type\":\"BreadcrumbList\",\"@id\":\"https:\/\/acquaprocess.eu\/notre-histoire\/#breadcrumb\",\"itemListElement\":[{\"@type\":\"ListItem\",\"position\":1,\"name\":\"Accueil\",\"item\":\"https:\/\/acquaprocess.eu\/\"},{\"@type\":\"ListItem\",\"position\":2,\"name\":\"Notre histoire\"}]},{\"@type\":\"WebSite\",\"@id\":\"https:\/\/acquaprocess.eu\/#website\",\"url\":\"https:\/\/acquaprocess.eu\/\",\"name\":\"Acquaprocess\",\"description\":\"Syst\u00e8me anti-calcaire et traitement de l&#039;eau\",\"potentialAction\":[{\"@type\":\"SearchAction\",\"target\":{\"@type\":\"EntryPoint\",\"urlTemplate\":\"https:\/\/acquaprocess.eu\/?s={search_term_string}\"},\"query-input\":{\"@type\":\"PropertyValueSpecification\",\"valueRequired\":true,\"valueName\":\"search_term_string\"}}],\"inLanguage\":\"it-IT\"}]}<\/script>\n<!-- \/ Yoast SEO plugin. -->","yoast_head_json":{"title":"La storia di ACQUAPROCESS\u00ae, pioniere nel trattamento dell'acqua","description":"ACQUAPROCESS\u00ae unisce innovazione, sostenibilit\u00e0 e passione per offrire una soluzione di trattamento dell'acqua rispettosa della salute.","robots":{"index":"index","follow":"follow","max-snippet":"max-snippet:-1","max-image-preview":"max-image-preview:large","max-video-preview":"max-video-preview:-1"},"canonical":"https:\/\/acquaprocess.eu\/it\/la-nostra-storia\/","og_locale":"it_IT","og_type":"article","og_title":"L\u2019histoire d\u2019ACQUAPROCESS\u00ae, pionnier du traitement de l\u2019eau","og_description":"ACQUAPROCESS\u00ae allie innovation, durabilit\u00e9 et passion pour offrir une solution de traitement de l\u2019eau respectueuse de la sant\u00e9.","og_url":"https:\/\/acquaprocess.eu\/it\/la-nostra-storia\/","og_site_name":"Acquaprocess","article_modified_time":"2025-10-14T07:39:47+00:00","og_image":[{"width":700,"height":500,"url":"https:\/\/acquaprocess.eu\/wp-content\/uploads\/2025\/07\/systeme-anticalcaire-acquaprocess.jpg","type":"image\/jpeg"}],"twitter_card":"summary_large_image","twitter_misc":{"Tempo di lettura stimato":"4 minuti"},"schema":{"@context":"https:\/\/schema.org","@graph":[{"@type":"WebPage","@id":"https:\/\/acquaprocess.eu\/notre-histoire\/","url":"https:\/\/acquaprocess.eu\/notre-histoire\/","name":"La storia di ACQUAPROCESS\u00ae, pioniere nel trattamento dell'acqua","isPartOf":{"@id":"https:\/\/acquaprocess.eu\/#website"},"primaryImageOfPage":{"@id":"https:\/\/acquaprocess.eu\/notre-histoire\/#primaryimage"},"image":{"@id":"https:\/\/acquaprocess.eu\/notre-histoire\/#primaryimage"},"thumbnailUrl":"https:\/\/acquaprocess.eu\/wp-content\/uploads\/2025\/07\/systeme-anticalcaire-acquaprocess.jpg","datePublished":"2025-10-07T16:13:36+00:00","dateModified":"2025-10-14T07:39:47+00:00","description":"ACQUAPROCESS\u00ae unisce innovazione, sostenibilit\u00e0 e passione per offrire una soluzione di trattamento dell'acqua rispettosa della salute.","breadcrumb":{"@id":"https:\/\/acquaprocess.eu\/notre-histoire\/#breadcrumb"},"inLanguage":"it-IT","potentialAction":[{"@type":"ReadAction","target":["https:\/\/acquaprocess.eu\/notre-histoire\/"]}]},{"@type":"ImageObject","inLanguage":"it-IT","@id":"https:\/\/acquaprocess.eu\/notre-histoire\/#primaryimage","url":"https:\/\/acquaprocess.eu\/wp-content\/uploads\/2025\/07\/systeme-anticalcaire-acquaprocess.jpg","contentUrl":"https:\/\/acquaprocess.eu\/wp-content\/uploads\/2025\/07\/systeme-anticalcaire-acquaprocess.jpg","width":700,"height":500,"caption":"Syst\u00e8me anti-calcaire ACQUAPROCESS"},{"@type":"BreadcrumbList","@id":"https:\/\/acquaprocess.eu\/notre-histoire\/#breadcrumb","itemListElement":[{"@type":"ListItem","position":1,"name":"Accueil","item":"https:\/\/acquaprocess.eu\/"},{"@type":"ListItem","position":2,"name":"Notre histoire"}]},{"@type":"WebSite","@id":"https:\/\/acquaprocess.eu\/#website","url":"https:\/\/acquaprocess.eu\/","name":"Acquaprocess","description":"Sistema anticalcare e trattamento dell'acqua","potentialAction":[{"@type":"SearchAction","target":{"@type":"EntryPoint","urlTemplate":"https:\/\/acquaprocess.eu\/?s={search_term_string}"},"query-input":{"@type":"PropertyValueSpecification","valueRequired":true,"valueName":"search_term_string"}}],"inLanguage":"it-IT"}]}},"_links":{"self":[{"href":"https:\/\/acquaprocess.eu\/it\/wp-json\/wp\/v2\/pages\/1293","targetHints":{"allow":["GET"]}}],"collection":[{"href":"https:\/\/acquaprocess.eu\/it\/wp-json\/wp\/v2\/pages"}],"about":[{"href":"https:\/\/acquaprocess.eu\/it\/wp-json\/wp\/v2\/types\/page"}],"author":[{"embeddable":true,"href":"https:\/\/acquaprocess.eu\/it\/wp-json\/wp\/v2\/users\/2"}],"replies":[{"embeddable":true,"href":"https:\/\/acquaprocess.eu\/it\/wp-json\/wp\/v2\/comments?post=1293"}],"version-history":[{"count":17,"href":"https:\/\/acquaprocess.eu\/it\/wp-json\/wp\/v2\/pages\/1293\/revisions"}],"predecessor-version":[{"id":1325,"href":"https:\/\/acquaprocess.eu\/it\/wp-json\/wp\/v2\/pages\/1293\/revisions\/1325"}],"wp:featuredmedia":[{"embeddable":true,"href":"https:\/\/acquaprocess.eu\/it\/wp-json\/wp\/v2\/media\/804"}],"wp:attachment":[{"href":"https:\/\/acquaprocess.eu\/it\/wp-json\/wp\/v2\/media?parent=1293"}],"curies":[{"name":"wp","href":"https:\/\/api.w.org\/{rel}","templated":true}]}}