{"id":3,"date":"2025-06-30T12:09:25","date_gmt":"2025-06-30T10:09:25","guid":{"rendered":"http:\/\/preprod.acquaprocess.eu\/?page_id=3"},"modified":"2025-08-21T12:37:36","modified_gmt":"2025-08-21T10:37:36","slug":"mentions-legales","status":"publish","type":"page","link":"https:\/\/acquaprocess.eu\/it\/mentions-legales\/","title":{"rendered":"Note legali"},"content":{"rendered":"<div class=\"wpb-content-wrapper\"><div class=\"vc_row wpb_row top-row porto-inner-container wpb_custom_034b39d9bc6c6b310d69e39f0ccf274f\"><div class=\"porto-wrap-container container\"><div class=\"row\"><div class=\"vc_column_container col-md-12\"><div class=\"wpb_wrapper vc_column-inner\"><h1 style=\"font-size: 40px;line-height: 1.2;font-weight:700\" class=\"vc_custom_heading vc_do_custom_heading wpb_custom_aa365bd5046e8294520b4e73732b9d15 align-left heading-primary\" >Mentions l\u00e9gales du site ACQUAPROCESS\u00ae<\/h1>\r\n\t<div class=\"wpb_text_column wpb_content_element wpb_custom_7c91d232724f73626cc933bd95b25ff0\" >\r\n\t\t<div class=\"wpb_wrapper\">\r\n\t\t\t<p>Le pr\u00e9sent site est la propri\u00e9t\u00e9 de la soci\u00e9t\u00e9 ACQUAPROCESS\u00ae, SAS au capital de 10 000 euros, inscrite sous le n\u00b0 904039245 00017, dont le si\u00e8ge est situ\u00e9 :<\/p>\n<p>56, rue Saint-Philippe \u2013 06000 Nice<br \/>\nT\u00e9l\u00e9phone : +33(0)6.19.91.02.48<br \/>\nEmail : info@acquaprocess.eu<\/p>\n\r\n\t\t<\/div>\r\n\t<\/div>\r\n<h2 style=\"font-size: 30px;line-height: 1.2;font-weight:700\" class=\"vc_custom_heading vc_do_custom_heading wpb_custom_aa365bd5046e8294520b4e73732b9d15 align-left heading-primary\" >Directeur de la publication<\/h2>\r\n\t<div class=\"wpb_text_column wpb_content_element wpb_custom_7c91d232724f73626cc933bd95b25ff0\" >\r\n\t\t<div class=\"wpb_wrapper\">\r\n\t\t\t<p>Le directeur de la publication du site https:\/\/acquaprocess.eu est Monsieur Pierre CAPPELLO, en qualit\u00e9 de dirigeant de la soci\u00e9t\u00e9 ACQUAPROCESS\u00ae.<\/p>\n\r\n\t\t<\/div>\r\n\t<\/div>\r\n<h2 style=\"font-size: 30px;line-height: 1.2;font-weight:700\" class=\"vc_custom_heading vc_do_custom_heading wpb_custom_aa365bd5046e8294520b4e73732b9d15 align-left heading-primary\" >Cr\u00e9ation du site web<\/h2>\r\n\t<div class=\"wpb_text_column wpb_content_element wpb_custom_7c91d232724f73626cc933bd95b25ff0\" >\r\n\t\t<div class=\"wpb_wrapper\">\r\n\t\t\t<p>Le site acquaprocess.eu a \u00e9t\u00e9 r\u00e9alis\u00e9 par l\u2019agence Comunimage, agence web \u00e0 Cannes, et sp\u00e9cialis\u00e9e dans la conception, le r\u00e9f\u00e9rencement naturel ou commercial de sites internet dans les Alpes Maritimes.<\/p>\n<p>COMUNIMAGE AGENCE WEB<br \/>\n88A, avenue du Mar\u00e9chal Galli\u00e9ni 06400 Cannes<br \/>\nTel : 06 25 31 51 10<br \/>\ncontact[at]comunimage-agenceweb.com<\/p>\n\r\n\t\t<\/div>\r\n\t<\/div>\r\n<h2 style=\"font-size: 30px;line-height: 1.2;font-weight:700\" class=\"vc_custom_heading vc_do_custom_heading wpb_custom_aa365bd5046e8294520b4e73732b9d15 align-left heading-primary\" >H\u00e9bergement du site<\/h2>\r\n\t<div class=\"wpb_text_column wpb_content_element wpb_custom_7c91d232724f73626cc933bd95b25ff0\" >\r\n\t\t<div class=\"wpb_wrapper\">\r\n\t\t\t<p>Le prestataire assurant l\u2019h\u00e9bergement du site est la soci\u00e9t\u00e9 AXINET dont le si\u00e8ge est situ\u00e9 :<\/p>\n<p>34 avenue de l\u2019Europe<br \/>\nImmeuble trident A<br \/>\n38100 Grenoble<\/p>\n\r\n\t\t<\/div>\r\n\t<\/div>\r\n<h2 style=\"font-size: 30px;line-height: 1.2;font-weight:700\" class=\"vc_custom_heading vc_do_custom_heading wpb_custom_aa365bd5046e8294520b4e73732b9d15 align-left heading-primary\" >Propri\u00e9t\u00e9 intellectuelle<\/h2>\r\n\t<div class=\"wpb_text_column wpb_content_element wpb_custom_7c91d232724f73626cc933bd95b25ff0\" >\r\n\t\t<div class=\"wpb_wrapper\">\r\n\t\t\t<p>La charte graphique du site a \u00e9t\u00e9 cr\u00e9\u00e9e par ACQUAPROCESS\u00ae. Tous les \u00e9l\u00e9ments graphiques, la structure et, plus g\u00e9n\u00e9ralement, le contenu du site ACQUAPROCESS\u00ae sont prot\u00e9g\u00e9s par le droit d\u2019auteur, le droit des marques et le droit des dessins et mod\u00e8les.<\/p>\n<p>Toute personne qui recueille ou t\u00e9l\u00e9charge du contenu ou des informations diffus\u00e9es sur le site ne dispose sur ceux-ci que d\u2019un droit d\u2019usage priv\u00e9, personnel et non transmissible. La reproduction d\u2019une page du site dans un cadre ext\u00e9rieur \u00e0 ACQUAPROCESS\u00ae ou l\u2019insertion d\u2019une page appartenant \u00e0 ACQUAPROCESS\u00ae dans la page d\u2019un autre site est interdite.<\/p>\n<p>De m\u00eame, toute reproduction ou repr\u00e9sentation du site en partie ou en totalit\u00e9 est interdite sans l\u2019accord \u00e9crit de ACQUAPROCESS\u00ae et constituerait une contrefa\u00e7on sanctionn\u00e9e par les articles L. 335-2 et suivants du Code de la Propri\u00e9t\u00e9 Intellectuelle.<\/p>\n<p>Les textes, graphismes, dessins, logos et photos qui sont diffus\u00e9s ACQUAPROCESS\u00ae peuvent faire l\u2019objet d\u2019une reproduction sur un support papier ou un support \u00e9lectronique, sous r\u00e9serve de citer le nom et l\u2019adresse du site et de ne pas en faire une utilisation commerciale. Le non-respect des dispositions ci-dessus est susceptible de constituer une contrefa\u00e7on engageant la responsabilit\u00e9 civile ou p\u00e9nale de l\u2019auteur de la contrefa\u00e7on.<\/p>\n<p>La cr\u00e9ation d\u2019un lien hypertexte vers le site https:\/\/www.acquaprocess.eu ne peut se faire qu\u2019avec l\u2019autorisation de ACQUAPROCESS\u00ae, et sous r\u00e9serve qu\u2019aucune confusion ne puisse exister dans l\u2019esprit des internautes sur l\u2019identit\u00e9 du site ou la provenance des informations.<\/p>\n\r\n\t\t<\/div>\r\n\t<\/div>\r\n<h2 style=\"font-size: 30px;line-height: 1.2;font-weight:700\" class=\"vc_custom_heading vc_do_custom_heading wpb_custom_aa365bd5046e8294520b4e73732b9d15 align-left heading-primary\" >Collecte et utilisation des donn\u00e9es \u00e0 caract\u00e8re personnel<\/h2>\r\n\t<div class=\"wpb_text_column wpb_content_element wpb_custom_7c91d232724f73626cc933bd95b25ff0\" >\r\n\t\t<div class=\"wpb_wrapper\">\r\n\t\t\t<p>La collecte des donn\u00e9es \u00e0 caract\u00e8re personnel pour les prestations propos\u00e9es par le site https:\/\/acquaprocess.eu ainsi que leur traitement sont effectu\u00e9s dans le respect de la loi \u00ab Informatique, Fichiers et Libert\u00e9s \u00bb du 6 janvier 1978 modifi\u00e9e et ses d\u00e9crets d\u2019application.<\/p>\n<p>La collecte des donn\u00e9es \u00e0 caract\u00e8re personnel concernant les utilisateurs du site ACQUAPROCESS\u00ae a pour finalit\u00e9s principales l\u2019identification des utilisateurs pour la fourniture des services et prestations propos\u00e9s sur le site. Les donn\u00e9es r\u00e9colt\u00e9es ne sont jamais transmis \u00e0 des tiers sauf si le client a donn\u00e9 son consentement pr\u00e9alable et ce sous r\u00e9serve que les tiers se soient clairement engag\u00e9s \u00e0 respecter toutes les dispositions de la Loi du 6 janvier 1978 modifi\u00e9e.<\/p>\n<p>En application de la loi, toute personne ayant transmis des donn\u00e9es \u00e0 caract\u00e8re personnel dispose d\u2019un droit d\u2019acc\u00e8s, de rectification et de suppression des donn\u00e9es ainsi que d\u2019un droit d\u2019opposition au traitement des donn\u00e9es \u00e0 caract\u00e8re personnel la concernant.<\/p>\n<p>A tout moment, vous pouvez demander \u00e0 exercer ce droit en contactant ACQUAPROCESS\u00ae. Les visiteurs du site sont inform\u00e9s que pour les besoins de la navigation sur le site https:\/\/acquaprocess.eu, peut avoir recours \u00e0 la collecte automatique de certaines informations relatives aux utilisateurs \u00e0 l\u2019aide des cookies.<\/p>\n<p>Si l\u2019utilisateur du site ne souhaite pas l\u2019utilisation de cookies par ACQUAPROCESS\u00ae, il peut refuser l\u2019activation des cookies par le biais des options propos\u00e9s par son navigateur internet. Pour des raisons techniques, si l\u2019utilisateur d\u00e9sactive les cookies dans son navigateur, certaines prestations propos\u00e9es sur le site https:\/\/acquaprocess.eu pourront ne pas lui \u00eatre accessibles.<\/p>\n\r\n\t\t<\/div>\r\n\t<\/div>\r\n<\/div><\/div><\/div><\/div><\/div>\n<\/div>","protected":false},"excerpt":{"rendered":"Mentions l\u00e9gales du site ACQUAPROCESS\u00ae Le pr\u00e9sent site est la propri\u00e9t\u00e9 de la soci\u00e9t\u00e9 ACQUAPROCESS\u00ae, SAS au capital de 10 000 euros, inscrite sous le n\u00b0 904039245 00017, dont le si\u00e8ge est situ\u00e9 : 56, rue Saint-Philippe \u2013 06000 Nice T\u00e9l\u00e9phone : +33(0)6.19.91.02.48 Email : info@acquaprocess.eu Directeur de la publication Le directeur de la publication [...]","protected":false},"author":2,"featured_media":0,"parent":0,"menu_order":0,"comment_status":"closed","ping_status":"open","template":"","meta":{"footnotes":""},"class_list":["post-3","page","type-page","status-publish","hentry"],"yoast_head":"<!-- This site is optimized with the Yoast SEO plugin v27.2 - https:\/\/yoast.com\/product\/yoast-seo-wordpress\/ -->\n<title>Mentions l\u00e9gales du site ACQUAPROCESS\u00ae<\/title>\n<meta name=\"description\" content=\"Le pr\u00e9sent site est la propri\u00e9t\u00e9 de la soci\u00e9t\u00e9 ACQUAPROCESS\u00ae, SAS au capital de 10 000 euros, inscrite sous le n\u00b0 904039245 00017.\" \/>\n<meta name=\"robots\" content=\"index, follow, max-snippet:-1, max-image-preview:large, max-video-preview:-1\" \/>\n<link rel=\"canonical\" href=\"https:\/\/acquaprocess.eu\/it\/mentions-legales\/\" \/>\n<meta property=\"og:locale\" content=\"it_IT\" \/>\n<meta property=\"og:type\" content=\"article\" \/>\n<meta property=\"og:title\" content=\"Mentions l\u00e9gales du site ACQUAPROCESS\u00ae\" \/>\n<meta property=\"og:description\" content=\"Le pr\u00e9sent site est la propri\u00e9t\u00e9 de la soci\u00e9t\u00e9 ACQUAPROCESS\u00ae, SAS au capital de 10 000 euros, inscrite sous le n\u00b0 904039245 00017.\" \/>\n<meta property=\"og:url\" content=\"https:\/\/acquaprocess.eu\/it\/mentions-legales\/\" \/>\n<meta property=\"og:site_name\" content=\"Acquaprocess\" \/>\n<meta property=\"article:modified_time\" content=\"2025-08-21T10:37:36+00:00\" \/>\n<meta name=\"twitter:card\" content=\"summary_large_image\" \/>\n<meta name=\"twitter:label1\" content=\"Tempo di lettura stimato\" \/>\n\t<meta name=\"twitter:data1\" content=\"4 minuti\" \/>\n<script type=\"application\/ld+json\" class=\"yoast-schema-graph\">{\"@context\":\"https:\/\/schema.org\",\"@graph\":[{\"@type\":\"WebPage\",\"@id\":\"https:\/\/acquaprocess.eu\/mentions-legales\/\",\"url\":\"https:\/\/acquaprocess.eu\/mentions-legales\/\",\"name\":\"Mentions l\u00e9gales du site ACQUAPROCESS\u00ae\",\"isPartOf\":{\"@id\":\"https:\/\/acquaprocess.eu\/#website\"},\"datePublished\":\"2025-06-30T10:09:25+00:00\",\"dateModified\":\"2025-08-21T10:37:36+00:00\",\"description\":\"Le pr\u00e9sent site est la propri\u00e9t\u00e9 de la soci\u00e9t\u00e9 ACQUAPROCESS\u00ae, SAS au capital de 10 000 euros, inscrite sous le n\u00b0 904039245 00017.\",\"breadcrumb\":{\"@id\":\"https:\/\/acquaprocess.eu\/mentions-legales\/#breadcrumb\"},\"inLanguage\":\"it-IT\",\"potentialAction\":[{\"@type\":\"ReadAction\",\"target\":[\"https:\/\/acquaprocess.eu\/mentions-legales\/\"]}]},{\"@type\":\"BreadcrumbList\",\"@id\":\"https:\/\/acquaprocess.eu\/mentions-legales\/#breadcrumb\",\"itemListElement\":[{\"@type\":\"ListItem\",\"position\":1,\"name\":\"Accueil\",\"item\":\"https:\/\/acquaprocess.eu\/\"},{\"@type\":\"ListItem\",\"position\":2,\"name\":\"Mentions l\u00e9gales\"}]},{\"@type\":\"WebSite\",\"@id\":\"https:\/\/acquaprocess.eu\/#website\",\"url\":\"https:\/\/acquaprocess.eu\/\",\"name\":\"Acquaprocess\",\"description\":\"Syst\u00e8me anti-calcaire et traitement de l&#039;eau\",\"potentialAction\":[{\"@type\":\"SearchAction\",\"target\":{\"@type\":\"EntryPoint\",\"urlTemplate\":\"https:\/\/acquaprocess.eu\/?s={search_term_string}\"},\"query-input\":{\"@type\":\"PropertyValueSpecification\",\"valueRequired\":true,\"valueName\":\"search_term_string\"}}],\"inLanguage\":\"it-IT\"}]}<\/script>\n<!-- \/ Yoast SEO plugin. -->","yoast_head_json":{"title":"Mentions l\u00e9gales du site ACQUAPROCESS\u00ae","description":"Le pr\u00e9sent site est la propri\u00e9t\u00e9 de la soci\u00e9t\u00e9 ACQUAPROCESS\u00ae, SAS au capital de 10 000 euros, inscrite sous le n\u00b0 904039245 00017.","robots":{"index":"index","follow":"follow","max-snippet":"max-snippet:-1","max-image-preview":"max-image-preview:large","max-video-preview":"max-video-preview:-1"},"canonical":"https:\/\/acquaprocess.eu\/it\/mentions-legales\/","og_locale":"it_IT","og_type":"article","og_title":"Mentions l\u00e9gales du site ACQUAPROCESS\u00ae","og_description":"Le pr\u00e9sent site est la propri\u00e9t\u00e9 de la soci\u00e9t\u00e9 ACQUAPROCESS\u00ae, SAS au capital de 10 000 euros, inscrite sous le n\u00b0 904039245 00017.","og_url":"https:\/\/acquaprocess.eu\/it\/mentions-legales\/","og_site_name":"Acquaprocess","article_modified_time":"2025-08-21T10:37:36+00:00","twitter_card":"summary_large_image","twitter_misc":{"Tempo di lettura stimato":"4 minuti"},"schema":{"@context":"https:\/\/schema.org","@graph":[{"@type":"WebPage","@id":"https:\/\/acquaprocess.eu\/mentions-legales\/","url":"https:\/\/acquaprocess.eu\/mentions-legales\/","name":"Mentions l\u00e9gales du site ACQUAPROCESS\u00ae","isPartOf":{"@id":"https:\/\/acquaprocess.eu\/#website"},"datePublished":"2025-06-30T10:09:25+00:00","dateModified":"2025-08-21T10:37:36+00:00","description":"Le pr\u00e9sent site est la propri\u00e9t\u00e9 de la soci\u00e9t\u00e9 ACQUAPROCESS\u00ae, SAS au capital de 10 000 euros, inscrite sous le n\u00b0 904039245 00017.","breadcrumb":{"@id":"https:\/\/acquaprocess.eu\/mentions-legales\/#breadcrumb"},"inLanguage":"it-IT","potentialAction":[{"@type":"ReadAction","target":["https:\/\/acquaprocess.eu\/mentions-legales\/"]}]},{"@type":"BreadcrumbList","@id":"https:\/\/acquaprocess.eu\/mentions-legales\/#breadcrumb","itemListElement":[{"@type":"ListItem","position":1,"name":"Accueil","item":"https:\/\/acquaprocess.eu\/"},{"@type":"ListItem","position":2,"name":"Mentions l\u00e9gales"}]},{"@type":"WebSite","@id":"https:\/\/acquaprocess.eu\/#website","url":"https:\/\/acquaprocess.eu\/","name":"Acquaprocess","description":"Sistema anticalcare e trattamento dell'acqua","potentialAction":[{"@type":"SearchAction","target":{"@type":"EntryPoint","urlTemplate":"https:\/\/acquaprocess.eu\/?s={search_term_string}"},"query-input":{"@type":"PropertyValueSpecification","valueRequired":true,"valueName":"search_term_string"}}],"inLanguage":"it-IT"}]}},"_links":{"self":[{"href":"https:\/\/acquaprocess.eu\/it\/wp-json\/wp\/v2\/pages\/3","targetHints":{"allow":["GET"]}}],"collection":[{"href":"https:\/\/acquaprocess.eu\/it\/wp-json\/wp\/v2\/pages"}],"about":[{"href":"https:\/\/acquaprocess.eu\/it\/wp-json\/wp\/v2\/types\/page"}],"author":[{"embeddable":true,"href":"https:\/\/acquaprocess.eu\/it\/wp-json\/wp\/v2\/users\/2"}],"replies":[{"embeddable":true,"href":"https:\/\/acquaprocess.eu\/it\/wp-json\/wp\/v2\/comments?post=3"}],"version-history":[{"count":20,"href":"https:\/\/acquaprocess.eu\/it\/wp-json\/wp\/v2\/pages\/3\/revisions"}],"predecessor-version":[{"id":1210,"href":"https:\/\/acquaprocess.eu\/it\/wp-json\/wp\/v2\/pages\/3\/revisions\/1210"}],"wp:attachment":[{"href":"https:\/\/acquaprocess.eu\/it\/wp-json\/wp\/v2\/media?parent=3"}],"curies":[{"name":"wp","href":"https:\/\/api.w.org\/{rel}","templated":true}]}}