{"id":8,"date":"2020-06-29T08:08:03","date_gmt":"2020-06-29T08:08:03","guid":{"rendered":"http:\/\/sw-themes.com\/porto_dummy\/?page_id=8"},"modified":"2025-10-07T17:28:49","modified_gmt":"2025-10-07T15:28:49","slug":"funzionamento","status":"publish","type":"page","link":"https:\/\/acquaprocess.eu\/it\/fonctionnement\/","title":{"rendered":"Le nostre soluzioni"},"content":{"rendered":"<div class=\"wpb-content-wrapper\"><div class=\"vc_row wpb_row top-row vc_custom_1752061277027 porto-inner-container wpb_custom_034b39d9bc6c6b310d69e39f0ccf274f\"><div class=\"porto-wrap-container container\"><div class=\"row\"><div class=\"vc_column_container col-md-12\"><div class=\"wpb_wrapper vc_column-inner\"><div class=\"vc_empty_space\"   style=\"height: 32px\"><span class=\"vc_empty_space_inner\"><\/span><\/div><h1 style=\"font-size: 40px;color: #00396b;line-height: 1.2;font-weight:700;letter-spacing:-0.05em\" data-appear-animation=\"fadeInLeft\" data-appear-animation-delay=\"100\" class=\"vc_custom_heading vc_do_custom_heading vc_custom_1753714959423 wpb_custom_aa365bd5046e8294520b4e73732b9d15 align-left\" >Una tecnologia innovativa e connessa<\/h1><p style=\"font-size: 20px;line-height: 1.2\" class=\"vc_custom_heading vc_do_custom_heading wpb_custom_aa365bd5046e8294520b4e73732b9d15 align-left heading-tertiary\" >Il processo anticalcare ACQUAPROCESS\u00ae utilizza un sistema a induzione a bassa frequenza che modifica le propriet\u00e0 calcaree dell'acqua.<\/p><\/div><\/div><\/div><\/div><\/div><div class=\"vc_row wpb_row top-row vc_custom_1752759004246 porto-inner-container wpb_custom_034b39d9bc6c6b310d69e39f0ccf274f\"><div class=\"porto-wrap-container container\"><div class=\"row\"><div class=\"vc_column_container col-md-8\"><div class=\"wpb_wrapper vc_column-inner\">\r\n\t<div class=\"wpb_text_column wpb_content_element wpb_custom_7c91d232724f73626cc933bd95b25ff0\" >\r\n\t\t<div class=\"wpb_wrapper\">\r\n\t\t\t<p>Il sistema ACQUAPROCESS\u00ae \u00e8 costituito da un generatore che invia segnali variabili in frequenza e potenza direttamente sulla <strong>tubazione da trattare<\/strong> tramite due induttori avvolti, creando cos\u00ec un campo elettrico a bassa frequenza.<\/p>\n<p>Lo spettro generato da questi indicatori agisce sulle propriet\u00e0 fisico-chimiche della molecola dell'acqua, che viene cos\u00ec modificata senza per\u00f2 interferire con le sue caratteristiche iniziali. Il potere di solubilit\u00e0 viene aumentato. La <strong>calcite incrostante<\/strong> viene messa in sospensione nell'acqua sotto forma di aragonite polverosa e non incrostante, che non si attacca pi\u00f9 alle pareti interne del circuito idraulico ma rimane in sospensione. <strong>Le tubazioni e le resistenze vengono preservate!<\/strong><\/p>\n\r\n\t\t<\/div>\r\n\t<\/div>\r\n<h2 style=\"font-size: 30px;color: #00396b;line-height: 1.2;font-weight:700;letter-spacing:-0.05em\" data-appear-animation=\"fadeInLeft\" data-appear-animation-delay=\"100\" class=\"vc_custom_heading vc_do_custom_heading vc_custom_1753202143796 wpb_custom_aa365bd5046e8294520b4e73732b9d15 align-left\" >Un'innovazione nel trattamento dell'acqua<\/h2>\r\n\t<div class=\"wpb_text_column wpb_content_element wpb_custom_7c91d232724f73626cc933bd95b25ff0\" >\r\n\t\t<div class=\"wpb_wrapper\">\r\n\t\t\t<p>L'innovazione risiede in questo processo che, a differenza della concorrenza, si adatta a tutte le configurazioni di reti idrauliche e di qualit\u00e0 dell'acqua incontrate, rendendo ACQUAPROCESS\u00ae una soluzione molto affidabile.<\/p>\n<p>Infatti, il <strong>trattamento dell\u2019acqua<\/strong> \u00e8 molto complesso, poich\u00e9 occorre tenere conto del suo TH, del suo PH, della sua portata, della configurazione della rete, della temperatura, che varia da un sito all'altro, motivo per cui alla maggior parte degli apparecchi presenti sul mercato viene rimproverato di non essere completamente affidabili.<\/p>\n\r\n\t\t<\/div>\r\n\t<\/div>\r\n<\/div><\/div><div class=\"vc_column_container col-md-4\"><div class=\"wpb_wrapper vc_column-inner\">\r\n\t<div class=\"wpb_single_image wpb_content_element vc_align_center wpb_content_element  wpb_custom_81a4f7ef9830bf958462581aa01150fb\"><div class=\"wpb_wrapper\">\r\n\t\t\t\r\n\t\t\t<a href=\"https:\/\/acquaprocess.eu\/contact\/\" target=\"_self\" aria-label=\"Zoom the image\"><div class=\"vc_single_image-wrapper vc_box_rounded  vc_box_border_grey\"><img decoding=\"async\" width=\"600\" height=\"774\" src=\"https:\/\/acquaprocess.eu\/wp-content\/uploads\/2025\/07\/visuel.jpg\" class=\"vc_single_image-img attachment-full\" alt=\"Fonctionnement syst\u00e8me ACQUAPROCESS\" title=\"visuel\" srcset=\"https:\/\/acquaprocess.eu\/wp-content\/uploads\/2025\/07\/visuel.jpg 600w, https:\/\/acquaprocess.eu\/wp-content\/uploads\/2025\/07\/visuel-400x516.jpg 400w, https:\/\/acquaprocess.eu\/wp-content\/uploads\/2025\/07\/visuel-367x473.jpg 367w\" sizes=\"(max-width: 600px) 100vw, 600px\" \/><\/div><\/a>\r\n\t\t<\/div>\r\n\t<\/div>\r\n<\/div><\/div><\/div><\/div><\/div><div class=\"vc_row wpb_row top-row porto-inner-container wpb_custom_034b39d9bc6c6b310d69e39f0ccf274f\"><div class=\"porto-wrap-container container\"><div class=\"row\"><div class=\"vc_column_container col-md-6\"><div class=\"wpb_wrapper vc_column-inner\"><h2 style=\"font-size: 30px;color: #00396b;line-height: 1.2;font-weight:700;letter-spacing:-0.05em\" data-appear-animation=\"fadeInLeft\" data-appear-animation-delay=\"100\" class=\"vc_custom_heading vc_do_custom_heading vc_custom_1753202063567 wpb_custom_aa365bd5046e8294520b4e73732b9d15 align-left\" >Un trattamento fisico delicato per un'acqua sana ed efficiente<\/h2>\r\n\t<div class=\"wpb_text_column wpb_content_element wpb_custom_7c91d232724f73626cc933bd95b25ff0\" >\r\n\t\t<div class=\"wpb_wrapper\">\r\n\t\t\t<p>Le prestazioni del sistema ACQUAPROCESS\u00ae vanno ben oltre il <strong>trattamento del calcare<\/strong>, una specifica adattamento di questo sistema gli consente di agire sulla proliferazione dei batteri (<a href=\"https:\/\/acquaprocess.eu\/blog\/legionellose-ses-mefaits-dans-les-canalisations-et-les-solutions-pour-la-traiter\/\">trattamento contro la legionella<\/a>\u00a0e le microalghe, <a href=\"https:\/\/acquaprocess.eu\/blog\/traitement-piscine-comment-proteger-efficacement-votre-bassin\/\">anticalcare per piscine),<\/a>), <strong>senza ricorrere a trattamenti chimici.<\/strong>.<\/p>\n<p>L\u2019<strong>Il calcare che si deposita nelle tubature<\/strong>, nelle resistenze o nei punti di prelievo crea un biofilm in cui risiede il 99% dei batteri presenti nel circuito idrico.<\/p>\n<p>Il sistema ACQUAPROCESS\u00ae, modificando la molecola che forma il calcare, elimina (tramite l'effetto delle forze di Van Der Waals) il biofilm, riducendo cos\u00ec la proliferazione batterica. L'induzione elettromagnetica innesca una reazione chimica durante la quale avviene un trasferimento di elettroni, chiamato processo REDOX (REDuction OXydation).<\/p>\n\r\n\t\t<\/div>\r\n\t<\/div>\r\n<\/div><\/div><div class=\"vc_column_container col-md-6\"><div class=\"wpb_wrapper vc_column-inner\">\r\n\t<div class=\"wpb_text_column wpb_content_element wpb_custom_7c91d232724f73626cc933bd95b25ff0\" >\r\n\t\t<div class=\"wpb_wrapper\">\r\n\t\t\t<p>Questo processo viene attivato da una fonte di corrente che produce agenti ossidanti che agiscono sull'ambiente eliminando la ruggine e il biofilm, limitando cos\u00ec le condizioni favorevoli allo sviluppo dei batteri.<\/p>\n\r\n\t\t<\/div>\r\n\t<\/div>\r\n<h3 style=\"font-size: 25px;color: #00396b;line-height: 1.2;font-weight:700;letter-spacing:-0.05em\" data-appear-animation=\"fadeInLeft\" data-appear-animation-delay=\"100\" class=\"vc_custom_heading vc_do_custom_heading vc_custom_1753202350327 wpb_custom_aa365bd5046e8294520b4e73732b9d15 align-left heading-tertiary\" >Tutti i vantaggi di ACQUAPROCESS\u00ae<\/h3><p style=\"font-size: 16px;line-height: 1;font-weight:500\" data-appear-animation=\"fadeInLeft\" data-appear-animation-delay=\"200\" class=\"vc_custom_heading vc_do_custom_heading mb-4 ms-xl-2 ps-xl-1 list-unstyled wpb_custom_aa365bd5046e8294520b4e73732b9d15 align-left\" >SENZA ALCUN PRODOTTO CHIMICO<\/p><p style=\"font-size: 16px;line-height: 1;font-weight:500\" data-appear-animation=\"fadeInLeft\" data-appear-animation-delay=\"400\" class=\"vc_custom_heading vc_do_custom_heading mb-4 ms-xl-2 ps-xl-1 list-unstyled wpb_custom_aa365bd5046e8294520b4e73732b9d15 align-left\" >EVITA LA FORMAZIONE DI DEPOSITI CALCAREOI<\/p><p style=\"font-size: 16px;line-height: 1;font-weight:500\" data-appear-animation=\"fadeInLeft\" data-appear-animation-delay=\"400\" class=\"vc_custom_heading vc_do_custom_heading mb-4 ms-xl-2 ps-xl-1 list-unstyled wpb_custom_aa365bd5046e8294520b4e73732b9d15 align-left\" >ELIMINA LE INCALCITRAZIONI CALCARE<\/p><p style=\"font-size: 16px;line-height: 1;font-weight:500\" data-appear-animation=\"fadeInLeft\" data-appear-animation-delay=\"400\" class=\"vc_custom_heading vc_do_custom_heading mb-4 ms-xl-2 ps-xl-1 list-unstyled wpb_custom_aa365bd5046e8294520b4e73732b9d15 align-left\" >IMPEDISCE LA PROLIFERAZIONE DELLE MICROALGHE<\/p><p style=\"font-size: 16px;line-height: 1;font-weight:500\" data-appear-animation=\"fadeInLeft\" data-appear-animation-delay=\"400\" class=\"vc_custom_heading vc_do_custom_heading mb-4 ms-xl-2 ps-xl-1 list-unstyled wpb_custom_aa365bd5046e8294520b4e73732b9d15 align-left\" >RIDUCE LA PRESENZA DI MICROORGANISMI E BATTERI<\/p><p style=\"font-size: 16px;line-height: 1;font-weight:500\" data-appear-animation=\"fadeInLeft\" data-appear-animation-delay=\"400\" class=\"vc_custom_heading vc_do_custom_heading mb-4 ms-xl-2 ps-xl-1 list-unstyled wpb_custom_aa365bd5046e8294520b4e73732b9d15 align-left\" >NESSUN COSTO DI MANUTENZIONE<\/p><\/div><\/div><\/div><\/div><\/div><div class=\"vc_row wpb_row top-row vc_custom_1752746298772 vc_row-has-fill porto-inner-container wpb_custom_034b39d9bc6c6b310d69e39f0ccf274f\"><div class=\"porto-wrap-container container\"><div class=\"row\"><div class=\"vc_column_container col-md-12\"><div class=\"wpb_wrapper vc_column-inner\"><p style=\"font-size: 40px;color: var(--porto-light-color);line-height: 1;text-align: center;font-weight:700;letter-spacing:-2px\" data-appear-animation=\"fadeIn\" data-appear-animation-delay=\"400\" class=\"vc_custom_heading vc_do_custom_heading wpb_custom_aa365bd5046e8294520b4e73732b9d15 heading-light\" >Solo ACQUAPROCESS\u00ae risponde alle problematiche<br \/>\ndei batteri e di alcuni virus<\/p><p style=\"font-size: 22px;color: #e0e1e5;line-height: 26px;text-align: center;font-weight:400;letter-spacing:0\" data-appear-animation=\"fadeIn\" data-appear-animation-delay=\"400\" class=\"vc_custom_heading vc_do_custom_heading wpb_custom_aa365bd5046e8294520b4e73732b9d15\" >LEGIONELLA E PRIONE, PER ESEMPIO<\/p><\/div><\/div><\/div><\/div><\/div><div class=\"vc_row wpb_row top-row porto-inner-container wpb_custom_034b39d9bc6c6b310d69e39f0ccf274f\"><div class=\"porto-wrap-container container\"><div class=\"row\"><div class=\"vc_column_container col-md-12\"><div class=\"wpb_wrapper vc_column-inner\"><h2 style=\"font-size: 30px;color: #00396b;line-height: 1.2;font-weight:700;letter-spacing:-0.05em\" data-appear-animation=\"fadeInLeft\" data-appear-animation-delay=\"100\" class=\"vc_custom_heading vc_do_custom_heading wpb_custom_aa365bd5046e8294520b4e73732b9d15 align-left\" >ACQUAPROCESS\u00ae la gestione a distanza<\/h2><p style=\"font-size: 20px;line-height: 1.2\" class=\"vc_custom_heading vc_do_custom_heading wpb_custom_aa365bd5046e8294520b4e73732b9d15 align-left heading-tertiary\" >La nostra applicazione connessa vi consentir\u00e0 di monitorare tutti gli indicatori e di rimanere informati in tempo reale.<\/p><\/div><\/div><\/div><\/div><\/div><div id=\"intro\" class=\"vc_row wpb_row top-row py-5 mb-4 mb-xl-5 mt-4 mt-xl-0 porto-inner-container wpb_custom_034b39d9bc6c6b310d69e39f0ccf274f\"><div class=\"porto-wrap-container container\"><div class=\"row align-items-center\"><div class=\"vc_column_container col-md-12 col-xl-4 col-lg-6\"><div class=\"wpb_wrapper vc_column-inner\">\r\n\t<div class=\"wpb_text_column wpb_content_element wpb_custom_7c91d232724f73626cc933bd95b25ff0\" >\r\n\t\t<div class=\"wpb_wrapper\">\r\n\t\t\t<p>ACQUAPROCESS\u00ae \u00e8 anche un <strong>sistema interattivo<\/strong> che raccoglie tutte le informazioni relative al circuito idraulico tramite sonde e le comunica al server tramite connessione GSM, Wi-Fi o Intranet.<\/p>\n<p>Consente di monitorarne facilmente il funzionamento da un telefono cellulare, un computer o un tablet.<\/p>\n<p>Il <strong>trattamento dell\u2019acqua<\/strong> \u00e8 molto complesso, poich\u00e9 occorre tenere conto del suo TH, del suo PH, della portata, della configurazione della rete, della temperatura, che varia da un sito all'altro, motivo per cui alla maggior parte degli apparecchi presenti sul mercato viene rimproverata una scarsa affidabilit\u00e0.<\/p>\n<p>Il trattamento chimico ha lo scopo di agire sugli elementi presenti nell'acqua e di modificarne le propriet\u00e0.<\/p>\n\r\n\t\t<\/div>\r\n\t<\/div>\r\n<div class=\"vc_empty_space\"   style=\"height: 30px\"><span class=\"vc_empty_space_inner\"><\/span><\/div><\/div><\/div><div class=\"vc_column_container col-md-12 col-xl-4 col-lg-6\"><div class=\"wpb_wrapper vc_column-inner\">\r\n\t<div class=\"wpb_single_image wpb_content_element vc_align_center wpb_content_element  wpb_custom_81a4f7ef9830bf958462581aa01150fb\" data-appear-animation=\"fadeIn\" data-appear-animation-delay=\"400\"><div class=\"wpb_wrapper\">\r\n\t\t\t\r\n\t\t\t<a href=\"https:\/\/monitoring.acquaprocess.eu\/\" target=\"_blank\" aria-label=\"Zoom the image\"><div class=\"vc_single_image-wrapper   vc_box_border_grey\"><img decoding=\"async\" width=\"360\" height=\"680\" src=\"https:\/\/acquaprocess.eu\/wp-content\/uploads\/2025\/07\/plateforme-acquamonitoring.jpg\" class=\"vc_single_image-img attachment-full\" alt=\"Plateforme Acquamonitoring\" title=\"plateforme-acquamonitoring\" \/><\/div><\/a>\r\n\t\t<\/div>\r\n\t<\/div>\r\n<\/div><\/div><div class=\"mt-4 mt-lg-0 vc_column_container col-md-12 col-xl-4\"><div class=\"wpb_wrapper vc_column-inner\">\r\n\t<div class=\"wpb_text_column wpb_content_element wpb_custom_7c91d232724f73626cc933bd95b25ff0\" >\r\n\t\t<div class=\"wpb_wrapper\">\r\n\t\t\t<p>Sappiamo che il <strong>calcare <\/strong>\u00e8 pi\u00f9 attivo con l'aumento della temperatura. Impostando un limite minimo di temperatura e un limite massimo di temperatura, non appena il sistema rileva il superamento del limite minimo o massimo impostato, agir\u00e0 modificando i parametri di azione sui generatori di onde.<\/p>\n<p>L'utente potr\u00e0 consultare in tempo reale e a distanza tutte le informazioni archiviate e correnti del sistema ACQUAPROCESS\u00ae, ovvero:<\/p>\n<ul>\n<li>Le azioni e i risultati dei sensori collegati.<\/li>\n<li>Il corretto funzionamento del sistema ACQUAPROCESS\u00ae<\/li>\n<li>Le azioni della connessione LAN RS485.<\/li>\n<li>Il collegamento dell'allarme, il motivo dell'allerta e la periodicit\u00e0 del guasto.<\/li>\n<li>Le azioni della connessione GSM.<\/li>\n<\/ul>\n\r\n\t\t<\/div>\r\n\t<\/div>\r\n<\/div><\/div><\/div><\/div><\/div>\n<\/div>","protected":false},"excerpt":{"rendered":"Une technologie innovante et connect\u00e9eLe proc\u00e9d\u00e9 anti-calcaire ACQUAPROCESS\u00ae utilise un syst\u00e8me d\u2019induction basse fr\u00e9quence qui modifie les propri\u00e9t\u00e9s calcaires de l\u2019eau. Le syst\u00e8me ACQUAPROCESS\u00ae est constitu\u00e9 d\u2019un g\u00e9n\u00e9rateur qui envoie des signaux variables en fr\u00e9quence et en puissance directement sur la canalisation \u00e0 traiter via deux inducteurs bobin\u00e9s, cr\u00e9ant ainsi un champ \u00e9lectrique \u00e0 basse [...]","protected":false},"author":2,"featured_media":804,"parent":0,"menu_order":0,"comment_status":"closed","ping_status":"closed","template":"","meta":{"footnotes":""},"class_list":["post-8","page","type-page","status-publish","has-post-thumbnail","hentry"],"yoast_head":"<!-- This site is optimized with the Yoast SEO plugin v27.2 - https:\/\/yoast.com\/product\/yoast-seo-wordpress\/ -->\n<title>Fonctionnement proc\u00e9d\u00e9 anti-calcaire ACQUAPROCESS\u00ae<\/title>\n<meta name=\"description\" content=\"D\u00e9couvrez le fonctionnement de notre proc\u00e9d\u00e9 anti-calcaire et d\u00e9truisez calcaire, biofilm, corrosion et bact\u00e9ries dans l&#039;eau.\" \/>\n<meta name=\"robots\" content=\"index, follow, max-snippet:-1, max-image-preview:large, max-video-preview:-1\" \/>\n<link rel=\"canonical\" href=\"https:\/\/acquaprocess.eu\/it\/funzionamento\/\" \/>\n<meta property=\"og:locale\" content=\"it_IT\" \/>\n<meta property=\"og:type\" content=\"article\" \/>\n<meta property=\"og:title\" content=\"Fonctionnement proc\u00e9d\u00e9 anti-calcaire ACQUAPROCESS\u00ae\" \/>\n<meta property=\"og:description\" content=\"D\u00e9couvrez le fonctionnement de notre proc\u00e9d\u00e9 anti-calcaire et d\u00e9truisez calcaire, biofilm, corrosion et bact\u00e9ries dans l&#039;eau.\" \/>\n<meta property=\"og:url\" content=\"https:\/\/acquaprocess.eu\/it\/funzionamento\/\" \/>\n<meta property=\"og:site_name\" content=\"Acquaprocess\" \/>\n<meta property=\"article:modified_time\" content=\"2025-10-07T15:28:49+00:00\" \/>\n<meta property=\"og:image\" content=\"https:\/\/acquaprocess.eu\/wp-content\/uploads\/2025\/07\/systeme-anticalcaire-acquaprocess.jpg\" \/>\n\t<meta property=\"og:image:width\" content=\"700\" \/>\n\t<meta property=\"og:image:height\" content=\"500\" \/>\n\t<meta property=\"og:image:type\" content=\"image\/jpeg\" \/>\n<meta name=\"twitter:card\" content=\"summary_large_image\" \/>\n<meta name=\"twitter:label1\" content=\"Tempo di lettura stimato\" \/>\n\t<meta name=\"twitter:data1\" content=\"5 minuti\" \/>\n<script type=\"application\/ld+json\" class=\"yoast-schema-graph\">{\"@context\":\"https:\/\/schema.org\",\"@graph\":[{\"@type\":\"WebPage\",\"@id\":\"https:\/\/acquaprocess.eu\/fonctionnement\/\",\"url\":\"https:\/\/acquaprocess.eu\/fonctionnement\/\",\"name\":\"Fonctionnement proc\u00e9d\u00e9 anti-calcaire ACQUAPROCESS\u00ae\",\"isPartOf\":{\"@id\":\"https:\/\/acquaprocess.eu\/#website\"},\"primaryImageOfPage\":{\"@id\":\"https:\/\/acquaprocess.eu\/fonctionnement\/#primaryimage\"},\"image\":{\"@id\":\"https:\/\/acquaprocess.eu\/fonctionnement\/#primaryimage\"},\"thumbnailUrl\":\"https:\/\/acquaprocess.eu\/wp-content\/uploads\/2025\/07\/systeme-anticalcaire-acquaprocess.jpg\",\"datePublished\":\"2020-06-29T08:08:03+00:00\",\"dateModified\":\"2025-10-07T15:28:49+00:00\",\"description\":\"D\u00e9couvrez le fonctionnement de notre proc\u00e9d\u00e9 anti-calcaire et d\u00e9truisez calcaire, biofilm, corrosion et bact\u00e9ries dans l'eau.\",\"breadcrumb\":{\"@id\":\"https:\/\/acquaprocess.eu\/fonctionnement\/#breadcrumb\"},\"inLanguage\":\"it-IT\",\"potentialAction\":[{\"@type\":\"ReadAction\",\"target\":[\"https:\/\/acquaprocess.eu\/fonctionnement\/\"]}]},{\"@type\":\"ImageObject\",\"inLanguage\":\"it-IT\",\"@id\":\"https:\/\/acquaprocess.eu\/fonctionnement\/#primaryimage\",\"url\":\"https:\/\/acquaprocess.eu\/wp-content\/uploads\/2025\/07\/systeme-anticalcaire-acquaprocess.jpg\",\"contentUrl\":\"https:\/\/acquaprocess.eu\/wp-content\/uploads\/2025\/07\/systeme-anticalcaire-acquaprocess.jpg\",\"width\":700,\"height\":500,\"caption\":\"Syst\u00e8me anti-calcaire ACQUAPROCESS\"},{\"@type\":\"BreadcrumbList\",\"@id\":\"https:\/\/acquaprocess.eu\/fonctionnement\/#breadcrumb\",\"itemListElement\":[{\"@type\":\"ListItem\",\"position\":1,\"name\":\"Accueil\",\"item\":\"https:\/\/acquaprocess.eu\/\"},{\"@type\":\"ListItem\",\"position\":2,\"name\":\"Nos solutions\"}]},{\"@type\":\"WebSite\",\"@id\":\"https:\/\/acquaprocess.eu\/#website\",\"url\":\"https:\/\/acquaprocess.eu\/\",\"name\":\"Acquaprocess\",\"description\":\"Syst\u00e8me anti-calcaire et traitement de l&#039;eau\",\"potentialAction\":[{\"@type\":\"SearchAction\",\"target\":{\"@type\":\"EntryPoint\",\"urlTemplate\":\"https:\/\/acquaprocess.eu\/?s={search_term_string}\"},\"query-input\":{\"@type\":\"PropertyValueSpecification\",\"valueRequired\":true,\"valueName\":\"search_term_string\"}}],\"inLanguage\":\"it-IT\"}]}<\/script>\n<!-- \/ Yoast SEO plugin. -->","yoast_head_json":{"title":"Funzionamento del sistema anticalcare ACQUAPROCESS\u00ae","description":"Scoprite come funziona il nostro processo anticalcare e eliminate calcare, biofilm, corrosione e batteri dall'acqua.","robots":{"index":"index","follow":"follow","max-snippet":"max-snippet:-1","max-image-preview":"max-image-preview:large","max-video-preview":"max-video-preview:-1"},"canonical":"https:\/\/acquaprocess.eu\/it\/funzionamento\/","og_locale":"it_IT","og_type":"article","og_title":"Fonctionnement proc\u00e9d\u00e9 anti-calcaire ACQUAPROCESS\u00ae","og_description":"D\u00e9couvrez le fonctionnement de notre proc\u00e9d\u00e9 anti-calcaire et d\u00e9truisez calcaire, biofilm, corrosion et bact\u00e9ries dans l'eau.","og_url":"https:\/\/acquaprocess.eu\/it\/funzionamento\/","og_site_name":"Acquaprocess","article_modified_time":"2025-10-07T15:28:49+00:00","og_image":[{"width":700,"height":500,"url":"https:\/\/acquaprocess.eu\/wp-content\/uploads\/2025\/07\/systeme-anticalcaire-acquaprocess.jpg","type":"image\/jpeg"}],"twitter_card":"summary_large_image","twitter_misc":{"Tempo di lettura stimato":"5 minuti"},"schema":{"@context":"https:\/\/schema.org","@graph":[{"@type":"WebPage","@id":"https:\/\/acquaprocess.eu\/fonctionnement\/","url":"https:\/\/acquaprocess.eu\/fonctionnement\/","name":"Funzionamento del sistema anticalcare ACQUAPROCESS\u00ae","isPartOf":{"@id":"https:\/\/acquaprocess.eu\/#website"},"primaryImageOfPage":{"@id":"https:\/\/acquaprocess.eu\/fonctionnement\/#primaryimage"},"image":{"@id":"https:\/\/acquaprocess.eu\/fonctionnement\/#primaryimage"},"thumbnailUrl":"https:\/\/acquaprocess.eu\/wp-content\/uploads\/2025\/07\/systeme-anticalcaire-acquaprocess.jpg","datePublished":"2020-06-29T08:08:03+00:00","dateModified":"2025-10-07T15:28:49+00:00","description":"Scoprite come funziona il nostro processo anticalcare e eliminate calcare, biofilm, corrosione e batteri dall'acqua.","breadcrumb":{"@id":"https:\/\/acquaprocess.eu\/fonctionnement\/#breadcrumb"},"inLanguage":"it-IT","potentialAction":[{"@type":"ReadAction","target":["https:\/\/acquaprocess.eu\/fonctionnement\/"]}]},{"@type":"ImageObject","inLanguage":"it-IT","@id":"https:\/\/acquaprocess.eu\/fonctionnement\/#primaryimage","url":"https:\/\/acquaprocess.eu\/wp-content\/uploads\/2025\/07\/systeme-anticalcaire-acquaprocess.jpg","contentUrl":"https:\/\/acquaprocess.eu\/wp-content\/uploads\/2025\/07\/systeme-anticalcaire-acquaprocess.jpg","width":700,"height":500,"caption":"Syst\u00e8me anti-calcaire ACQUAPROCESS"},{"@type":"BreadcrumbList","@id":"https:\/\/acquaprocess.eu\/fonctionnement\/#breadcrumb","itemListElement":[{"@type":"ListItem","position":1,"name":"Accueil","item":"https:\/\/acquaprocess.eu\/"},{"@type":"ListItem","position":2,"name":"Nos solutions"}]},{"@type":"WebSite","@id":"https:\/\/acquaprocess.eu\/#website","url":"https:\/\/acquaprocess.eu\/","name":"Acquaprocess","description":"Sistema anticalcare e trattamento dell'acqua","potentialAction":[{"@type":"SearchAction","target":{"@type":"EntryPoint","urlTemplate":"https:\/\/acquaprocess.eu\/?s={search_term_string}"},"query-input":{"@type":"PropertyValueSpecification","valueRequired":true,"valueName":"search_term_string"}}],"inLanguage":"it-IT"}]}},"_links":{"self":[{"href":"https:\/\/acquaprocess.eu\/it\/wp-json\/wp\/v2\/pages\/8","targetHints":{"allow":["GET"]}}],"collection":[{"href":"https:\/\/acquaprocess.eu\/it\/wp-json\/wp\/v2\/pages"}],"about":[{"href":"https:\/\/acquaprocess.eu\/it\/wp-json\/wp\/v2\/types\/page"}],"author":[{"embeddable":true,"href":"https:\/\/acquaprocess.eu\/it\/wp-json\/wp\/v2\/users\/2"}],"replies":[{"embeddable":true,"href":"https:\/\/acquaprocess.eu\/it\/wp-json\/wp\/v2\/comments?post=8"}],"version-history":[{"count":29,"href":"https:\/\/acquaprocess.eu\/it\/wp-json\/wp\/v2\/pages\/8\/revisions"}],"predecessor-version":[{"id":1292,"href":"https:\/\/acquaprocess.eu\/it\/wp-json\/wp\/v2\/pages\/8\/revisions\/1292"}],"wp:featuredmedia":[{"embeddable":true,"href":"https:\/\/acquaprocess.eu\/it\/wp-json\/wp\/v2\/media\/804"}],"wp:attachment":[{"href":"https:\/\/acquaprocess.eu\/it\/wp-json\/wp\/v2\/media?parent=8"}],"curies":[{"name":"wp","href":"https:\/\/api.w.org\/{rel}","templated":true}]}}