{"id":945,"date":"2025-07-18T13:57:28","date_gmt":"2025-07-18T11:57:28","guid":{"rendered":"http:\/\/preprod.acquaprocess.eu\/?page_id=945"},"modified":"2025-08-30T09:54:03","modified_gmt":"2025-08-30T07:54:03","slug":"faq","status":"publish","type":"page","link":"https:\/\/acquaprocess.eu\/it\/faq\/","title":{"rendered":"FAQ"},"content":{"rendered":"<div class=\"wpb-content-wrapper\"><div class=\"vc_row wpb_row top-row vc_custom_1752061277027 porto-inner-container wpb_custom_034b39d9bc6c6b310d69e39f0ccf274f\"><div class=\"porto-wrap-container container\"><div class=\"row\"><div class=\"vc_column_container col-md-12\"><div class=\"wpb_wrapper vc_column-inner\"><div class=\"vc_empty_space\"   style=\"height: 32px\"><span class=\"vc_empty_space_inner\"><\/span><\/div><h1 style=\"font-size: 40px;color: #00396b;line-height: 1.2;font-weight:700;letter-spacing:-0.05em\" data-appear-animation=\"fadeInLeft\" data-appear-animation-delay=\"100\" class=\"vc_custom_heading vc_do_custom_heading wpb_custom_aa365bd5046e8294520b4e73732b9d15 align-left\" >Le vostre domande su ACQUAPROCESS\u00ae<\/h1><\/div><\/div><\/div><\/div><\/div><div class=\"vc_row wpb_row top-row vc_custom_1752839539241 porto-inner-container wpb_custom_034b39d9bc6c6b310d69e39f0ccf274f\"><div class=\"porto-wrap-container container\"><div class=\"row\"><div class=\"vc_column_container col-md-12\"><div class=\"wpb_wrapper vc_column-inner\"><div class=\"accordion  panel-default  accordiond751713988987e9331980363e24189ce\" id=\"accordion876836257\" data-collapsible=\"\" data-active-tab=\"1\"><div class=\"card card-default\"><div class=\"card-header\"><h4 class=\"card-title m-0\"><a role=\"button\" class=\"accordion-toggle\" data-bs-toggle=\"collapse\" href=\"#collapse2073674766\">Perch\u00e9 utilizzare la tecnologia ACQUAPROCESS\u00ae?<\/a><\/h4><\/div><div id=\"collapse2073674766\" class=\"collapse\"><div class=\"card-body\">\r\n\t<div class=\"wpb_text_column wpb_content_element wpb_custom_7c91d232724f73626cc933bd95b25ff0\" >\r\n\t\t<div class=\"wpb_wrapper\">\r\n\t\t\t<p>La tecnologia ACQUAPROCESS\u00ae offre una soluzione innovativa, ecologica e sostenibile per <a href=\"https:\/\/acquaprocess.eu\/blog\/traitement-de-leau-solutions-et-technologies-modernes\/\">il trattamento dell'acqua<\/a> senza l'aggiunta di prodotti chimici. Grazie all'induzione a bassissima frequenza, questo processo previene efficacemente la formazione di calcare, corrosione e biofilm negli impianti di acqua calda e fredda. Limita inoltre lo sviluppo batterico, in particolare della legionella.<\/p>\n<p><strong>Risultato<\/strong> : acqua pi\u00f9 sana, attrezzature meglio protette, risparmio energetico e manutenzione notevolmente ridotta. \u00c8 una scelta semplice, redditizia e rispettosa dell'ambiente.<\/p>\n\r\n\t\t<\/div>\r\n\t<\/div>\r\n<\/div><\/div><\/div> <div class=\"card card-default\"><div class=\"card-header\"><h4 class=\"card-title m-0\"><a role=\"button\" class=\"accordion-toggle\" data-bs-toggle=\"collapse\" href=\"#collapse1511499177\">In che modo ACQUAPROCESS\u00ae \u00e8 pi\u00f9 efficace rispetto all'uso di un addolcitore?<\/a><\/h4><\/div><div id=\"collapse1511499177\" class=\"collapse\"><div class=\"card-body\">\r\n\t<div class=\"wpb_text_column wpb_content_element wpb_custom_7c91d232724f73626cc933bd95b25ff0\" >\r\n\t\t<div class=\"wpb_wrapper\">\r\n\t\t\t<p>A differenza di un addolcitore tradizionale che sostituisce gli ioni calcio e magnesio con sodio, il processo ACQUAPROCESS\u00ae conserva i minerali presenti nell'acqua modificandone semplicemente la struttura per non alterarne la composizione naturale. Ecco perch\u00e9 il nostro <a href=\"https:\/\/acquaprocess.eu\/\">sistema anticalcare<\/a> ACQUAPROCESS\u00ae, a differenza di un addolcitore, pu\u00f2 essere installato sia sull'acqua calda che sull'acqua fredda (potabile).<\/p>\n<p>ACQUAPROCESS\u00ae agisce per induzione a bassissima frequenza, senza sale, senza scarico d'acqua, senza manutenzione pesante e senza materiali di consumo.<br \/>\nInoltre, a differenza degli addolcitori che hanno solo un effetto preventivo, il processo ACQUAPROCESS\u00ae agisce sia sul calcare in entrata (effetto preventivo) sia su quello gi\u00e0 depositato nelle tubature (effetto curativo).<\/p>\n<p>Infine, ACQUAPROCESS\u00ae non si limita al calcare: agisce anche sui batteri, rimuovendo in particolare il biofilm, vero e proprio rifugio dei batteri (tra cui la legionella). Gli addolcitori, invece, non hanno alcun effetto su questo grave problema sanitario.<\/p>\n<p>Risultato: nessuna corrosione delle tubature, nessun sapore salato, nessuno spreco e rimozione del calcare gi\u00e0 presente nelle tubature. Il sistema ACQUAPROCESS\u00ae protegge l'intero impianto idrico (acqua fredda sanitaria, acqua calda sanitaria, riscaldamento) preservando le qualit\u00e0 minerali dell'acqua. \u00c8 una soluzione pi\u00f9 ecologica, pi\u00f9 economica e soprattutto pi\u00f9 completa rispetto a un addolcitore tradizionale.<\/p>\n\r\n\t\t<\/div>\r\n\t<\/div>\r\n<\/div><\/div><\/div> <div class=\"card card-default\"><div class=\"card-header\"><h4 class=\"card-title m-0\"><a role=\"button\" class=\"accordion-toggle\" data-bs-toggle=\"collapse\" href=\"#collapse960125735\">In che modo ACQUAPROCESS\u00ae \u00e8 efficace contro i batteri (in particolare la legionella)?<\/a><\/h4><\/div><div id=\"collapse960125735\" class=\"collapse\"><div class=\"card-body\">\r\n\t<div class=\"wpb_text_column wpb_content_element wpb_custom_7c91d232724f73626cc933bd95b25ff0\" >\r\n\t\t<div class=\"wpb_wrapper\">\r\n\t\t\t<p>I batteri come la legionella si sviluppano principalmente nel biofilm: quel sottile strato viscoso che si forma nelle tubature e negli scaldabagni, soprattutto in presenza di calcare.<\/p>\n<p>Il processo ACQUAPROCESS\u00ae, grazie al suo sistema di induzione a bassissima frequenza (ULF), agisce direttamente sui depositi e sul biofilm:<\/p>\n<ul>\n<li>Distrugge il biofilm esistente, privando i batteri del loro rifugio.<\/li>\n<li>Impedisce la formazione di nuovi depositi, riducendo cos\u00ec in modo duraturo le zone di proliferazione batterica.<\/li>\n<li>Indebolisce i microrganismi, limitandone fortemente la riproduzione nella rete<\/li>\n<\/ul>\n<p>Risultato: una rete idrica pi\u00f9 sana, conforme ai requisiti sanitari, e un rischio di legionella fortemente ridotto senza l'aggiunta di prodotti chimici o trattamenti pesanti.<\/p>\n\r\n\t\t<\/div>\r\n\t<\/div>\r\n<\/div><\/div><\/div> <div class=\"card card-default\"><div class=\"card-header\"><h4 class=\"card-title m-0\"><a role=\"button\" class=\"accordion-toggle\" data-bs-toggle=\"collapse\" href=\"#collapse565001471\">L'acqua \u00e8 pi\u00f9 pura con il processo ACQUAPROCESS\u00ae in una casa o in un appartamento?<\/a><\/h4><\/div><div id=\"collapse565001471\" class=\"collapse\"><div class=\"card-body\">\r\n\t<div class=\"wpb_text_column wpb_content_element wpb_custom_7c91d232724f73626cc933bd95b25ff0\" >\r\n\t\t<div class=\"wpb_wrapper\">\r\n\t\t\t<p>Il processo ACQUAPROCESS\u00ae agisce direttamente sulla qualit\u00e0 fisica dell'acqua, senza modificarne la composizione chimica n\u00e9 aggiungere additivi.<\/p>\n<p>Risultato: un'acqua pi\u00f9 sana, pi\u00f9 delicata sulla pelle e pi\u00f9 rispettosa degli impianti domestici.<\/p>\n<p>Eliminando i depositi di calcare e distruggendo il biofilm, ACQUAPROCESS\u00ae:<\/p>\n<ul>\n<li>migliora la purezza batteriologica dell'acqua,<\/li>\n<li>preserva i minerali essenziali naturalmente presenti (calcio, magnesio...),<\/li>\n<li>evita gli effetti collaterali degli addolcitori (come il sale o la perdita di minerali)<\/li>\n<li>e limita i rischi di irritazione cutanea o capelli opachi legati al calcare.<\/li>\n<\/ul>\n<p>\u00c8 una soluzione ideale per le famiglie, in particolare quelle con bambini o persone con pelle sensibile, che desiderano beneficiare di un'acqua pi\u00f9 pura direttamente dal rubinetto.<\/p>\n\r\n\t\t<\/div>\r\n\t<\/div>\r\n<\/div><\/div><\/div> <div class=\"card card-default\"><div class=\"card-header\"><h4 class=\"card-title m-0\"><a role=\"button\" class=\"accordion-toggle\" data-bs-toggle=\"collapse\" href=\"#collapse1183394174\">Il sistema ACQUAPROCESS\u00ae \u00e8 affidabile nel lungo periodo?<\/a><\/h4><\/div><div id=\"collapse1183394174\" class=\"collapse\"><div class=\"card-body\">\r\n\t<div class=\"wpb_text_column wpb_content_element wpb_custom_7c91d232724f73626cc933bd95b25ff0\" >\r\n\t\t<div class=\"wpb_wrapper\">\r\n\t\t\t<p>ACQUAPROCESS\u00ae \u00e8 progettato per funzionare in modo affidabile, autonomo e sostenibile. Senza parti meccaniche in movimento, senza materiali di consumo da sostituire e senza manutenzione complessa, il processo si basa su una tecnologia collaudata a induzione a bassa frequenza, che agisce direttamente sulla struttura fisica dell'acqua.<\/p>\n<p>Questa affidabilit\u00e0 si traduce concretamente in:<\/p>\n<ul>\n<li>un'installazione semplice senza modifiche alla rete esistente,<\/li>\n<li>assenza di guasti legati all'usura meccanica,<\/li>\n<li>efficacia costante nel tempo,<\/li>\n<li>e una garanzia di soddisfazione al 100%.<\/li>\n<\/ul>\n<p><strong>In sintesi: una soluzione tecnica stabile, economica e sostenibile, sia per una casa, un condominio, un ospedale o una piscina pubblica.<\/strong><\/p>\n\r\n\t\t<\/div>\r\n\t<\/div>\r\n<\/div><\/div><\/div> <\/div><\/div><\/div><\/div><\/div><\/div>\n<\/div>","protected":false},"excerpt":{"rendered":"Vos questions sur ACQUAPROCESS\u00aePourquoi utiliser la technologie ACQUAPROCESS\u00ae ? La technologie ACQUAPROCESS\u00ae offre une solution innovante, \u00e9cologique et durable pour traiter l\u2019eau sans ajout de produits chimiques. Gr\u00e2ce \u00e0 l\u2019induction \u00e0 tr\u00e8s basse fr\u00e9quence, ce proc\u00e9d\u00e9 pr\u00e9vient efficacement la formation de calcaire, de corrosion et de biofilm dans les installations d\u2019eau chaude et froide. Il [...]","protected":false},"author":2,"featured_media":804,"parent":0,"menu_order":0,"comment_status":"closed","ping_status":"closed","template":"","meta":{"footnotes":""},"class_list":["post-945","page","type-page","status-publish","has-post-thumbnail","hentry"],"yoast_head":"<!-- This site is optimized with the Yoast SEO plugin v27.2 - https:\/\/yoast.com\/product\/yoast-seo-wordpress\/ -->\n<title>FAQ sur notre syst\u00e8me anticalcaire ACQUAPROCESS\u00ae<\/title>\n<meta name=\"description\" content=\"Nous r\u00e9pondons \u00e0 toutes les questions que vous vous posez sur notre proc\u00e9d\u00e9 unique ACQUAPROCESS, syst\u00e8me anti-calcaire.\" \/>\n<meta name=\"robots\" content=\"index, follow, max-snippet:-1, max-image-preview:large, max-video-preview:-1\" \/>\n<link rel=\"canonical\" href=\"https:\/\/acquaprocess.eu\/it\/faq\/\" \/>\n<meta property=\"og:locale\" content=\"it_IT\" \/>\n<meta property=\"og:type\" content=\"article\" \/>\n<meta property=\"og:title\" content=\"FAQ sur notre syst\u00e8me anticalcaire ACQUAPROCESS\u00ae\" \/>\n<meta property=\"og:description\" content=\"Nous r\u00e9pondons \u00e0 toutes les questions que vous vous posez sur notre proc\u00e9d\u00e9 unique ACQUAPROCESS, syst\u00e8me anti-calcaire.\" \/>\n<meta property=\"og:url\" content=\"https:\/\/acquaprocess.eu\/it\/faq\/\" \/>\n<meta property=\"og:site_name\" content=\"Acquaprocess\" \/>\n<meta property=\"article:modified_time\" content=\"2025-08-30T07:54:03+00:00\" \/>\n<meta property=\"og:image\" content=\"https:\/\/acquaprocess.eu\/wp-content\/uploads\/2025\/07\/systeme-anticalcaire-acquaprocess.jpg\" \/>\n\t<meta property=\"og:image:width\" content=\"700\" \/>\n\t<meta property=\"og:image:height\" content=\"500\" \/>\n\t<meta property=\"og:image:type\" content=\"image\/jpeg\" \/>\n<meta name=\"twitter:card\" content=\"summary_large_image\" \/>\n<meta name=\"twitter:label1\" content=\"Tempo di lettura stimato\" \/>\n\t<meta name=\"twitter:data1\" content=\"4 minuti\" \/>\n<script type=\"application\/ld+json\" class=\"yoast-schema-graph\">{\"@context\":\"https:\/\/schema.org\",\"@graph\":[{\"@type\":\"WebPage\",\"@id\":\"https:\/\/acquaprocess.eu\/faq\/\",\"url\":\"https:\/\/acquaprocess.eu\/faq\/\",\"name\":\"FAQ sur notre syst\u00e8me anticalcaire ACQUAPROCESS\u00ae\",\"isPartOf\":{\"@id\":\"https:\/\/acquaprocess.eu\/#website\"},\"primaryImageOfPage\":{\"@id\":\"https:\/\/acquaprocess.eu\/faq\/#primaryimage\"},\"image\":{\"@id\":\"https:\/\/acquaprocess.eu\/faq\/#primaryimage\"},\"thumbnailUrl\":\"https:\/\/acquaprocess.eu\/wp-content\/uploads\/2025\/07\/systeme-anticalcaire-acquaprocess.jpg\",\"datePublished\":\"2025-07-18T11:57:28+00:00\",\"dateModified\":\"2025-08-30T07:54:03+00:00\",\"description\":\"Nous r\u00e9pondons \u00e0 toutes les questions que vous vous posez sur notre proc\u00e9d\u00e9 unique ACQUAPROCESS, syst\u00e8me anti-calcaire.\",\"breadcrumb\":{\"@id\":\"https:\/\/acquaprocess.eu\/faq\/#breadcrumb\"},\"inLanguage\":\"it-IT\",\"potentialAction\":[{\"@type\":\"ReadAction\",\"target\":[\"https:\/\/acquaprocess.eu\/faq\/\"]}]},{\"@type\":\"ImageObject\",\"inLanguage\":\"it-IT\",\"@id\":\"https:\/\/acquaprocess.eu\/faq\/#primaryimage\",\"url\":\"https:\/\/acquaprocess.eu\/wp-content\/uploads\/2025\/07\/systeme-anticalcaire-acquaprocess.jpg\",\"contentUrl\":\"https:\/\/acquaprocess.eu\/wp-content\/uploads\/2025\/07\/systeme-anticalcaire-acquaprocess.jpg\",\"width\":700,\"height\":500,\"caption\":\"Syst\u00e8me anti-calcaire ACQUAPROCESS\"},{\"@type\":\"BreadcrumbList\",\"@id\":\"https:\/\/acquaprocess.eu\/faq\/#breadcrumb\",\"itemListElement\":[{\"@type\":\"ListItem\",\"position\":1,\"name\":\"Accueil\",\"item\":\"https:\/\/acquaprocess.eu\/\"},{\"@type\":\"ListItem\",\"position\":2,\"name\":\"FAQ\"}]},{\"@type\":\"WebSite\",\"@id\":\"https:\/\/acquaprocess.eu\/#website\",\"url\":\"https:\/\/acquaprocess.eu\/\",\"name\":\"Acquaprocess\",\"description\":\"Syst\u00e8me anti-calcaire et traitement de l&#039;eau\",\"potentialAction\":[{\"@type\":\"SearchAction\",\"target\":{\"@type\":\"EntryPoint\",\"urlTemplate\":\"https:\/\/acquaprocess.eu\/?s={search_term_string}\"},\"query-input\":{\"@type\":\"PropertyValueSpecification\",\"valueRequired\":true,\"valueName\":\"search_term_string\"}}],\"inLanguage\":\"it-IT\"}]}<\/script>\n<!-- \/ Yoast SEO plugin. -->","yoast_head_json":{"title":"FAQ sul nostro sistema anticalcare ACQUAPROCESS\u00ae","description":"Rispondiamo a tutte le vostre domande sul nostro esclusivo sistema anticalcare ACQUAPROCESS.","robots":{"index":"index","follow":"follow","max-snippet":"max-snippet:-1","max-image-preview":"max-image-preview:large","max-video-preview":"max-video-preview:-1"},"canonical":"https:\/\/acquaprocess.eu\/it\/faq\/","og_locale":"it_IT","og_type":"article","og_title":"FAQ sur notre syst\u00e8me anticalcaire ACQUAPROCESS\u00ae","og_description":"Nous r\u00e9pondons \u00e0 toutes les questions que vous vous posez sur notre proc\u00e9d\u00e9 unique ACQUAPROCESS, syst\u00e8me anti-calcaire.","og_url":"https:\/\/acquaprocess.eu\/it\/faq\/","og_site_name":"Acquaprocess","article_modified_time":"2025-08-30T07:54:03+00:00","og_image":[{"width":700,"height":500,"url":"https:\/\/acquaprocess.eu\/wp-content\/uploads\/2025\/07\/systeme-anticalcaire-acquaprocess.jpg","type":"image\/jpeg"}],"twitter_card":"summary_large_image","twitter_misc":{"Tempo di lettura stimato":"4 minuti"},"schema":{"@context":"https:\/\/schema.org","@graph":[{"@type":"WebPage","@id":"https:\/\/acquaprocess.eu\/faq\/","url":"https:\/\/acquaprocess.eu\/faq\/","name":"FAQ sul nostro sistema anticalcare ACQUAPROCESS\u00ae","isPartOf":{"@id":"https:\/\/acquaprocess.eu\/#website"},"primaryImageOfPage":{"@id":"https:\/\/acquaprocess.eu\/faq\/#primaryimage"},"image":{"@id":"https:\/\/acquaprocess.eu\/faq\/#primaryimage"},"thumbnailUrl":"https:\/\/acquaprocess.eu\/wp-content\/uploads\/2025\/07\/systeme-anticalcaire-acquaprocess.jpg","datePublished":"2025-07-18T11:57:28+00:00","dateModified":"2025-08-30T07:54:03+00:00","description":"Rispondiamo a tutte le vostre domande sul nostro esclusivo sistema anticalcare ACQUAPROCESS.","breadcrumb":{"@id":"https:\/\/acquaprocess.eu\/faq\/#breadcrumb"},"inLanguage":"it-IT","potentialAction":[{"@type":"ReadAction","target":["https:\/\/acquaprocess.eu\/faq\/"]}]},{"@type":"ImageObject","inLanguage":"it-IT","@id":"https:\/\/acquaprocess.eu\/faq\/#primaryimage","url":"https:\/\/acquaprocess.eu\/wp-content\/uploads\/2025\/07\/systeme-anticalcaire-acquaprocess.jpg","contentUrl":"https:\/\/acquaprocess.eu\/wp-content\/uploads\/2025\/07\/systeme-anticalcaire-acquaprocess.jpg","width":700,"height":500,"caption":"Syst\u00e8me anti-calcaire ACQUAPROCESS"},{"@type":"BreadcrumbList","@id":"https:\/\/acquaprocess.eu\/faq\/#breadcrumb","itemListElement":[{"@type":"ListItem","position":1,"name":"Accueil","item":"https:\/\/acquaprocess.eu\/"},{"@type":"ListItem","position":2,"name":"FAQ"}]},{"@type":"WebSite","@id":"https:\/\/acquaprocess.eu\/#website","url":"https:\/\/acquaprocess.eu\/","name":"Acquaprocess","description":"Sistema anticalcare e trattamento dell'acqua","potentialAction":[{"@type":"SearchAction","target":{"@type":"EntryPoint","urlTemplate":"https:\/\/acquaprocess.eu\/?s={search_term_string}"},"query-input":{"@type":"PropertyValueSpecification","valueRequired":true,"valueName":"search_term_string"}}],"inLanguage":"it-IT"}]}},"_links":{"self":[{"href":"https:\/\/acquaprocess.eu\/it\/wp-json\/wp\/v2\/pages\/945","targetHints":{"allow":["GET"]}}],"collection":[{"href":"https:\/\/acquaprocess.eu\/it\/wp-json\/wp\/v2\/pages"}],"about":[{"href":"https:\/\/acquaprocess.eu\/it\/wp-json\/wp\/v2\/types\/page"}],"author":[{"embeddable":true,"href":"https:\/\/acquaprocess.eu\/it\/wp-json\/wp\/v2\/users\/2"}],"replies":[{"embeddable":true,"href":"https:\/\/acquaprocess.eu\/it\/wp-json\/wp\/v2\/comments?post=945"}],"version-history":[{"count":19,"href":"https:\/\/acquaprocess.eu\/it\/wp-json\/wp\/v2\/pages\/945\/revisions"}],"predecessor-version":[{"id":1259,"href":"https:\/\/acquaprocess.eu\/it\/wp-json\/wp\/v2\/pages\/945\/revisions\/1259"}],"wp:featuredmedia":[{"embeddable":true,"href":"https:\/\/acquaprocess.eu\/it\/wp-json\/wp\/v2\/media\/804"}],"wp:attachment":[{"href":"https:\/\/acquaprocess.eu\/it\/wp-json\/wp\/v2\/media?parent=945"}],"curies":[{"name":"wp","href":"https:\/\/api.w.org\/{rel}","templated":true}]}}